{"id":12180,"date":"2023-11-21T15:04:55","date_gmt":"2023-11-21T20:04:55","guid":{"rendered":"http:\/\/semprecalma.com\/?page_id=12180"},"modified":"2024-01-16T04:18:28","modified_gmt":"2024-01-16T09:18:28","slug":"sobre-nosaltres","status":"publish","type":"page","link":"https:\/\/semprecalma.com\/ca\/sobre-nosaltres\/","title":{"rendered":"Sobre nosaltres"},"content":{"rendered":"\t\t<div data-elementor-type=\"wp-page\" data-elementor-id=\"12180\" class=\"elementor elementor-12180\">\n\t\t\t\t<div class=\"elementor-element elementor-element-8f38cd1 e-flex e-con-boxed e-con e-parent\" data-id=\"8f38cd1\" data-element_type=\"container\" data-e-type=\"container\">\n\t\t\t\t\t<div class=\"e-con-inner\">\n\t\t\t\t<div class=\"elementor-element elementor-element-308a3c0 elementor-widget elementor-widget-spacer\" data-id=\"308a3c0\" data-element_type=\"widget\" data-e-type=\"widget\" data-widget_type=\"spacer.default\">\n\t\t\t\t<div class=\"elementor-widget-container\">\n\t\t\t\t\t\t\t<div class=\"elementor-spacer\">\n\t\t\t<div class=\"elementor-spacer-inner\"><\/div>\n\t\t<\/div>\n\t\t\t\t\t\t<\/div>\n\t\t\t\t<\/div>\n\t\t\t\t<div class=\"elementor-element elementor-element-a7af97e elementor-widget elementor-widget-heading\" data-id=\"a7af97e\" data-element_type=\"widget\" data-e-type=\"widget\" data-widget_type=\"heading.default\">\n\t\t\t\t<div class=\"elementor-widget-container\">\n\t\t\t\t\t<h2 class=\"elementor-heading-title elementor-size-default\">Sobre nosaltres<\/h2>\t\t\t\t<\/div>\n\t\t\t\t<\/div>\n\t\t\t\t<div class=\"elementor-element elementor-element-707b107 elementor-widget elementor-widget-text-editor\" data-id=\"707b107\" data-element_type=\"widget\" data-e-type=\"widget\" data-widget_type=\"text-editor.default\">\n\t\t\t\t<div class=\"elementor-widget-container\">\n\t\t\t\t\t\t\t\t\t<p><span style=\"font-weight: 400;\">Casa nostra \u00e9s al cor del Port de Llan\u00e7\u00e0, quarta generaci\u00f3 de pescadors. Comprem el peix di\u00e0riament a la Llotja de la Confraria de Pescadors del Port de Llan\u00e7\u00e0.\u00a0<\/span><\/p><p><span style=\"font-weight: 400;\">A part de servir-vos el <\/span><b>peix i marisc fresc<\/b><span style=\"font-weight: 400;\"> di\u00e0riament a la nostra botiga del carrer Castellar, 74 de Llan\u00e7\u00e0, elaborem artesanalment les <\/span><b>anxoves<\/b><span style=\"font-weight: 400;\"> en sal que tant ens agraden. I \u00e9s per aix\u00f2 que amb l&#8217;\u00e0nim de fer un pas m\u00e9s en el servei i atenci\u00f3 a la nostra clientela i amics, ara us les podem enviar a casa vostra a trav\u00e9s de la nostra p\u00e0gina web.<\/span><\/p><p><span style=\"font-weight: 400;\">Tamb\u00e9, si ens visiteu, a la mateixa peixatera podreu <\/span><b>degustar<\/b><span style=\"font-weight: 400;\"> les nostres especialitats, incloses les anxoves amb un bon pa amb tomata, i regades amb una especial selecci\u00f3 de vins i caves.<\/span><\/p>\t\t\t\t\t\t\t\t<\/div>\n\t\t\t\t<\/div>\n\t\t\t\t<div class=\"elementor-element elementor-element-517d77d gallery-spacing-custom elementor-widget elementor-widget-image-gallery\" data-id=\"517d77d\" data-element_type=\"widget\" data-e-type=\"widget\" data-widget_type=\"image-gallery.default\">\n\t\t\t\t<div class=\"elementor-widget-container\">\n\t\t\t\t\t\t\t<div class=\"elementor-image-gallery\">\n\t\t\t<div id='gallery-1' class='gallery galleryid-12180 gallery-columns-3 gallery-size-large'><figure class='gallery-item'>\n\t\t\t<div class='gallery-icon landscape'>\n\t\t\t\t<a data-elementor-open-lightbox=\"yes\" data-elementor-lightbox-slideshow=\"517d77d\" data-elementor-lightbox-title=\"PB140842\" data-e-action-hash=\"#elementor-action%3Aaction%3Dlightbox%26settings%3DeyJpZCI6MTIxODYsInVybCI6Imh0dHBzOlwvXC9zZW1wcmVjYWxtYS5jb21cL3dwLWNvbnRlbnRcL3VwbG9hZHNcLzIwMjNcLzExXC9QQjE0MDg0Mi5qcGciLCJzbGlkZXNob3ciOiI1MTdkNzdkIn0%3D\" href='https:\/\/semprecalma.com\/wp-content\/uploads\/2023\/11\/PB140842.jpg'><img fetchpriority=\"high\" decoding=\"async\" width=\"1024\" height=\"768\" src=\"https:\/\/semprecalma.com\/wp-content\/uploads\/2023\/11\/PB140842-1024x768.jpg\" class=\"attachment-large size-large\" alt=\"\" srcset=\"https:\/\/semprecalma.com\/wp-content\/uploads\/2023\/11\/PB140842-1024x768.jpg 1024w, https:\/\/semprecalma.com\/wp-content\/uploads\/2023\/11\/PB140842-300x225.jpg 300w, https:\/\/semprecalma.com\/wp-content\/uploads\/2023\/11\/PB140842-768x576.jpg 768w, https:\/\/semprecalma.com\/wp-content\/uploads\/2023\/11\/PB140842-1536x1152.jpg 1536w, https:\/\/semprecalma.com\/wp-content\/uploads\/2023\/11\/PB140842-600x450.jpg 600w, https:\/\/semprecalma.com\/wp-content\/uploads\/2023\/11\/PB140842.jpg 1600w\" sizes=\"(max-width: 1024px) 100vw, 1024px\" \/><\/a>\n\t\t\t<\/div><\/figure><figure class='gallery-item'>\n\t\t\t<div class='gallery-icon landscape'>\n\t\t\t\t<a data-elementor-open-lightbox=\"yes\" data-elementor-lightbox-slideshow=\"517d77d\" data-elementor-lightbox-title=\"PB140840\" data-e-action-hash=\"#elementor-action%3Aaction%3Dlightbox%26settings%3DeyJpZCI6MTIxODUsInVybCI6Imh0dHBzOlwvXC9zZW1wcmVjYWxtYS5jb21cL3dwLWNvbnRlbnRcL3VwbG9hZHNcLzIwMjNcLzExXC9QQjE0MDg0MC5qcGciLCJzbGlkZXNob3ciOiI1MTdkNzdkIn0%3D\" href='https:\/\/semprecalma.com\/wp-content\/uploads\/2023\/11\/PB140840.jpg'><img decoding=\"async\" width=\"1024\" height=\"768\" src=\"https:\/\/semprecalma.com\/wp-content\/uploads\/2023\/11\/PB140840-1024x768.jpg\" class=\"attachment-large size-large\" alt=\"\" srcset=\"https:\/\/semprecalma.com\/wp-content\/uploads\/2023\/11\/PB140840-1024x768.jpg 1024w, https:\/\/semprecalma.com\/wp-content\/uploads\/2023\/11\/PB140840-300x225.jpg 300w, https:\/\/semprecalma.com\/wp-content\/uploads\/2023\/11\/PB140840-768x576.jpg 768w, https:\/\/semprecalma.com\/wp-content\/uploads\/2023\/11\/PB140840-1536x1152.jpg 1536w, https:\/\/semprecalma.com\/wp-content\/uploads\/2023\/11\/PB140840-600x450.jpg 600w, https:\/\/semprecalma.com\/wp-content\/uploads\/2023\/11\/PB140840.jpg 1600w\" sizes=\"(max-width: 1024px) 100vw, 1024px\" \/><\/a>\n\t\t\t<\/div><\/figure><figure class='gallery-item'>\n\t\t\t<div class='gallery-icon landscape'>\n\t\t\t\t<a data-elementor-open-lightbox=\"yes\" data-elementor-lightbox-slideshow=\"517d77d\" data-elementor-lightbox-title=\"llan\u00e7a-nautic\" data-e-action-hash=\"#elementor-action%3Aaction%3Dlightbox%26settings%3DeyJpZCI6MTMxMTgsInVybCI6Imh0dHBzOlwvXC9zZW1wcmVjYWxtYS5jb21cL3dwLWNvbnRlbnRcL3VwbG9hZHNcLzIwMjNcLzEyXC9sbGFuY2EtbmF1dGljLmpwZyIsInNsaWRlc2hvdyI6IjUxN2Q3N2QifQ%3D%3D\" href='https:\/\/semprecalma.com\/wp-content\/uploads\/2023\/12\/llanca-nautic.jpg'><img decoding=\"async\" width=\"850\" height=\"635\" src=\"https:\/\/semprecalma.com\/wp-content\/uploads\/2023\/12\/llanca-nautic.jpg\" class=\"attachment-large size-large\" alt=\"\" srcset=\"https:\/\/semprecalma.com\/wp-content\/uploads\/2023\/12\/llanca-nautic.jpg 850w, https:\/\/semprecalma.com\/wp-content\/uploads\/2023\/12\/llanca-nautic-300x224.jpg 300w, https:\/\/semprecalma.com\/wp-content\/uploads\/2023\/12\/llanca-nautic-768x574.jpg 768w, https:\/\/semprecalma.com\/wp-content\/uploads\/2023\/12\/llanca-nautic-600x448.jpg 600w\" sizes=\"(max-width: 850px) 100vw, 850px\" \/><\/a>\n\t\t\t<\/div><\/figure>\n\t\t<\/div>\n\t\t<\/div>\n\t\t\t\t\t\t<\/div>\n\t\t\t\t<\/div>\n\t\t<div class=\"elementor-element elementor-element-8b0b7fb e-flex e-con-boxed e-con e-child\" data-id=\"8b0b7fb\" data-element_type=\"container\" data-e-type=\"container\">\n\t\t\t\t\t<div class=\"e-con-inner\">\n\t\t\t\t<div class=\"elementor-element elementor-element-7a9b18c elementor-widget__width-initial elementor-widget-mobile__width-inherit elementor-widget elementor-widget-video\" data-id=\"7a9b18c\" data-element_type=\"widget\" data-e-type=\"widget\" data-settings=\"{&quot;video_type&quot;:&quot;hosted&quot;,&quot;controls&quot;:&quot;yes&quot;}\" data-widget_type=\"video.default\">\n\t\t\t\t<div class=\"elementor-widget-container\">\n\t\t\t\t\t\t\t<div class=\"e-hosted-video elementor-wrapper elementor-open-inline\">\n\t\t\t\t\t<video class=\"elementor-video\" src=\"http:\/\/semprecalma.com\/wp-content\/uploads\/2023\/12\/ARRIBA-EL-PEIX-2023-12-04-at-22.09.23.mp4\" controls=\"\" preload=\"metadata\" controlsList=\"nodownload\"><\/video>\n\t\t\t\t<\/div>\n\t\t\t\t\t\t<\/div>\n\t\t\t\t<\/div>\n\t\t\t\t<div class=\"elementor-element elementor-element-6c9d0a8 elementor-widget__width-initial elementor-widget-mobile__width-inherit elementor-widget elementor-widget-video\" data-id=\"6c9d0a8\" data-element_type=\"widget\" data-e-type=\"widget\" data-settings=\"{&quot;video_type&quot;:&quot;hosted&quot;,&quot;controls&quot;:&quot;yes&quot;}\" data-widget_type=\"video.default\">\n\t\t\t\t<div class=\"elementor-widget-container\">\n\t\t\t\t\t\t\t<div class=\"e-hosted-video elementor-wrapper elementor-open-inline\">\n\t\t\t\t\t<video class=\"elementor-video\" src=\"http:\/\/semprecalma.com\/wp-content\/uploads\/2023\/12\/COMPRANT-PEIX-2023-12-04-at-22.09.48.mp4\" controls=\"\" preload=\"metadata\" controlsList=\"nodownload\"><\/video>\n\t\t\t\t<\/div>\n\t\t\t\t\t\t<\/div>\n\t\t\t\t<\/div>\n\t\t\t\t<div class=\"elementor-element elementor-element-a7cef6d elementor-widget__width-initial elementor-widget-mobile__width-inherit elementor-widget elementor-widget-video\" data-id=\"a7cef6d\" data-element_type=\"widget\" data-e-type=\"widget\" data-settings=\"{&quot;video_type&quot;:&quot;hosted&quot;,&quot;controls&quot;:&quot;yes&quot;}\" data-widget_type=\"video.default\">\n\t\t\t\t<div class=\"elementor-widget-container\">\n\t\t\t\t\t\t\t<div class=\"e-hosted-video elementor-wrapper elementor-open-inline\">\n\t\t\t\t\t<video class=\"elementor-video\" src=\"http:\/\/semprecalma.com\/wp-content\/uploads\/2023\/12\/ARRIBA-EL-PEIX-2023-12-04-at-22.09.23.mp4\" controls=\"\" preload=\"metadata\" controlsList=\"nodownload\"><\/video>\n\t\t\t\t<\/div>\n\t\t\t\t\t\t<\/div>\n\t\t\t\t<\/div>\n\t\t\t\t\t<\/div>\n\t\t\t\t<\/div>\n\t\t<div class=\"elementor-element elementor-element-f41ddaf e-flex e-con-boxed e-con e-child\" data-id=\"f41ddaf\" data-element_type=\"container\" data-e-type=\"container\">\n\t\t\t\t\t<div class=\"e-con-inner\">\n\t\t\t\t<div class=\"elementor-element elementor-element-38a0d4a elementor-widget elementor-widget-spacer\" data-id=\"38a0d4a\" data-element_type=\"widget\" data-e-type=\"widget\" data-widget_type=\"spacer.default\">\n\t\t\t\t<div class=\"elementor-widget-container\">\n\t\t\t\t\t\t\t<div class=\"elementor-spacer\">\n\t\t\t<div class=\"elementor-spacer-inner\"><\/div>\n\t\t<\/div>\n\t\t\t\t\t\t<\/div>\n\t\t\t\t<\/div>\n\t\t\t\t\t<\/div>\n\t\t\t\t<\/div>\n\t\t\t\t\t<\/div>\n\t\t\t\t<\/div>\n\t\t<div class=\"elementor-element elementor-element-744b800 elementor-hidden-desktop elementor-hidden-tablet elementor-hidden-mobile e-flex e-con-boxed e-con e-parent\" data-id=\"744b800\" data-element_type=\"container\" data-e-type=\"container\">\n\t\t\t\t\t<div class=\"e-con-inner\">\n\t\t\t\t<div class=\"elementor-element elementor-element-a5e2c21 elementor-widget elementor-widget-text-editor\" data-id=\"a5e2c21\" data-element_type=\"widget\" data-e-type=\"widget\" data-widget_type=\"text-editor.default\">\n\t\t\t\t<div class=\"elementor-widget-container\">\n\t\t\t\t\t\t\t\t\t<div style=\"width: 500px;\" class=\"wp-video\"><video class=\"wp-video-shortcode\" id=\"video-12180-1\" width=\"500\" height=\"500\" preload=\"metadata\" controls=\"controls\"><source type=\"video\/mp4\" src=\"http:\/\/semprecalma.com\/wp-content\/uploads\/2023\/11\/SaveInsta.mp4?_=1\" \/><a href=\"http:\/\/semprecalma.com\/wp-content\/uploads\/2023\/11\/SaveInsta.mp4\">http:\/\/semprecalma.com\/wp-content\/uploads\/2023\/11\/SaveInsta.mp4<\/a><\/video><\/div>\t\t\t\t\t\t\t\t<\/div>\n\t\t\t\t<\/div>\n\t\t\t\t<div class=\"elementor-element elementor-element-b043c5a elementor-widget elementor-widget-spacer\" data-id=\"b043c5a\" data-element_type=\"widget\" data-e-type=\"widget\" data-widget_type=\"spacer.default\">\n\t\t\t\t<div class=\"elementor-widget-container\">\n\t\t\t\t\t\t\t<div class=\"elementor-spacer\">\n\t\t\t<div class=\"elementor-spacer-inner\"><\/div>\n\t\t<\/div>\n\t\t\t\t\t\t<\/div>\n\t\t\t\t<\/div>\n\t\t\t\t\t<\/div>\n\t\t\t\t<\/div>\n\t\t\t\t<\/div>\n\t\t","protected":false},"excerpt":{"rendered":"<p>Sobre nosaltres Casa nostra \u00e9s al cor del Port de Llan\u00e7\u00e0, quarta generaci\u00f3 de pescadors. Comprem el peix di\u00e0riament a la Llotja de la Confraria de Pescadors del Port de Llan\u00e7\u00e0. A part de servir-vos el peix i marisc fresc di\u00e0riament a la nostra botiga del carrer Castellar, 74 de Llan\u00e7\u00e0, elaborem artesanalment les anxoves [&hellip;]<\/p>\n","protected":false},"author":1,"featured_media":0,"parent":0,"menu_order":0,"comment_status":"closed","ping_status":"closed","template":"template-home.php","meta":{"footnotes":""},"class_list":["post-12180","page","type-page","status-publish","hentry"],"yoast_head":"<!-- This site is optimized with the Yoast SEO plugin v26.9 - https:\/\/yoast.com\/product\/yoast-seo-wordpress\/ -->\n<title>Peix i marisc fresc - Anxoves salades<\/title>\n<meta name=\"description\" content=\"Descobreix el sabor intens de les nostres anxoves salades. Perfectes per a les teves receptes gurmet.\" \/>\n<meta name=\"robots\" content=\"index, follow, max-snippet:-1, max-image-preview:large, max-video-preview:-1\" \/>\n<link rel=\"canonical\" href=\"https:\/\/semprecalma.com\/ca\/sobre-nosaltres\/\" \/>\n<meta property=\"og:locale\" content=\"ca_ES\" \/>\n<meta property=\"og:type\" content=\"article\" \/>\n<meta property=\"og:title\" content=\"Peix i marisc fresc - Anxoves salades\" \/>\n<meta property=\"og:description\" content=\"Descobreix el sabor intens de les nostres anxoves salades. Perfectes per a les teves receptes gurmet.\" \/>\n<meta property=\"og:url\" content=\"https:\/\/semprecalma.com\/ca\/sobre-nosaltres\/\" \/>\n<meta property=\"og:site_name\" content=\"Peixateria Semprecalma\" \/>\n<meta property=\"article:modified_time\" content=\"2024-01-16T09:18:28+00:00\" \/>\n<meta property=\"og:image\" content=\"http:\/\/semprecalma.com\/wp-content\/uploads\/2023\/11\/PB140842-1024x768.jpg\" \/>\n<meta name=\"twitter:card\" content=\"summary_large_image\" \/>\n<meta name=\"twitter:label1\" content=\"Temps estimat de lectura\" \/>\n\t<meta name=\"twitter:data1\" content=\"2 minuts\" \/>\n<script type=\"application\/ld+json\" class=\"yoast-schema-graph\">{\"@context\":\"https:\/\/schema.org\",\"@graph\":[{\"@type\":\"WebPage\",\"@id\":\"https:\/\/semprecalma.com\/ca\/sobre-nosaltres\/\",\"url\":\"https:\/\/semprecalma.com\/ca\/sobre-nosaltres\/\",\"name\":\"Peix i marisc fresc - Anxoves salades\",\"isPartOf\":{\"@id\":\"https:\/\/semprecalma.com\/ca\/#website\"},\"primaryImageOfPage\":{\"@id\":\"https:\/\/semprecalma.com\/ca\/sobre-nosaltres\/#primaryimage\"},\"image\":{\"@id\":\"https:\/\/semprecalma.com\/ca\/sobre-nosaltres\/#primaryimage\"},\"thumbnailUrl\":\"http:\/\/semprecalma.com\/wp-content\/uploads\/2023\/11\/PB140842-1024x768.jpg\",\"datePublished\":\"2023-11-21T20:04:55+00:00\",\"dateModified\":\"2024-01-16T09:18:28+00:00\",\"description\":\"Descobreix el sabor intens de les nostres anxoves salades. Perfectes per a les teves receptes gurmet.\",\"breadcrumb\":{\"@id\":\"https:\/\/semprecalma.com\/ca\/sobre-nosaltres\/#breadcrumb\"},\"inLanguage\":\"ca\",\"potentialAction\":[{\"@type\":\"ReadAction\",\"target\":[\"https:\/\/semprecalma.com\/ca\/sobre-nosaltres\/\"]}]},{\"@type\":\"ImageObject\",\"inLanguage\":\"ca\",\"@id\":\"https:\/\/semprecalma.com\/ca\/sobre-nosaltres\/#primaryimage\",\"url\":\"http:\/\/semprecalma.com\/wp-content\/uploads\/2023\/11\/PB140842-1024x768.jpg\",\"contentUrl\":\"http:\/\/semprecalma.com\/wp-content\/uploads\/2023\/11\/PB140842-1024x768.jpg\"},{\"@type\":\"BreadcrumbList\",\"@id\":\"https:\/\/semprecalma.com\/ca\/sobre-nosaltres\/#breadcrumb\",\"itemListElement\":[{\"@type\":\"ListItem\",\"position\":1,\"name\":\"Home\",\"item\":\"https:\/\/semprecalma.com\/ca\/\"},{\"@type\":\"ListItem\",\"position\":2,\"name\":\"Sobre nosaltres\"}]},{\"@type\":\"WebSite\",\"@id\":\"https:\/\/semprecalma.com\/ca\/#website\",\"url\":\"https:\/\/semprecalma.com\/ca\/\",\"name\":\"Peixateria Semprecalma\",\"description\":\"Peix I marisc fresc del cap de creus- anxoves en sal\",\"publisher\":{\"@id\":\"https:\/\/semprecalma.com\/ca\/#organization\"},\"potentialAction\":[{\"@type\":\"SearchAction\",\"target\":{\"@type\":\"EntryPoint\",\"urlTemplate\":\"https:\/\/semprecalma.com\/ca\/?s={search_term_string}\"},\"query-input\":{\"@type\":\"PropertyValueSpecification\",\"valueRequired\":true,\"valueName\":\"search_term_string\"}}],\"inLanguage\":\"ca\"},{\"@type\":\"Organization\",\"@id\":\"https:\/\/semprecalma.com\/ca\/#organization\",\"name\":\"Peixateria Semprecalma\",\"url\":\"https:\/\/semprecalma.com\/ca\/\",\"logo\":{\"@type\":\"ImageObject\",\"inLanguage\":\"ca\",\"@id\":\"https:\/\/semprecalma.com\/ca\/#\/schema\/logo\/image\/\",\"url\":\"https:\/\/semprecalma.com\/wp-content\/uploads\/2023\/11\/logo.png\",\"contentUrl\":\"https:\/\/semprecalma.com\/wp-content\/uploads\/2023\/11\/logo.png\",\"width\":350,\"height\":145,\"caption\":\"Peixateria Semprecalma\"},\"image\":{\"@id\":\"https:\/\/semprecalma.com\/ca\/#\/schema\/logo\/image\/\"},\"sameAs\":[\"https:\/\/www.instagram.com\/peixateria_semprecalma\/\"]}]}<\/script>\n<!-- \/ Yoast SEO plugin. -->","yoast_head_json":{"title":"Peix i marisc fresc - Anxoves salades","description":"Descobreix el sabor intens de les nostres anxoves salades. Perfectes per a les teves receptes gurmet.","robots":{"index":"index","follow":"follow","max-snippet":"max-snippet:-1","max-image-preview":"max-image-preview:large","max-video-preview":"max-video-preview:-1"},"canonical":"https:\/\/semprecalma.com\/ca\/sobre-nosaltres\/","og_locale":"ca_ES","og_type":"article","og_title":"Peix i marisc fresc - Anxoves salades","og_description":"Descobreix el sabor intens de les nostres anxoves salades. Perfectes per a les teves receptes gurmet.","og_url":"https:\/\/semprecalma.com\/ca\/sobre-nosaltres\/","og_site_name":"Peixateria Semprecalma","article_modified_time":"2024-01-16T09:18:28+00:00","og_image":[{"url":"http:\/\/semprecalma.com\/wp-content\/uploads\/2023\/11\/PB140842-1024x768.jpg","type":"","width":"","height":""}],"twitter_card":"summary_large_image","twitter_misc":{"Temps estimat de lectura":"2 minuts"},"schema":{"@context":"https:\/\/schema.org","@graph":[{"@type":"WebPage","@id":"https:\/\/semprecalma.com\/ca\/sobre-nosaltres\/","url":"https:\/\/semprecalma.com\/ca\/sobre-nosaltres\/","name":"Peix i marisc fresc - Anxoves salades","isPartOf":{"@id":"https:\/\/semprecalma.com\/ca\/#website"},"primaryImageOfPage":{"@id":"https:\/\/semprecalma.com\/ca\/sobre-nosaltres\/#primaryimage"},"image":{"@id":"https:\/\/semprecalma.com\/ca\/sobre-nosaltres\/#primaryimage"},"thumbnailUrl":"http:\/\/semprecalma.com\/wp-content\/uploads\/2023\/11\/PB140842-1024x768.jpg","datePublished":"2023-11-21T20:04:55+00:00","dateModified":"2024-01-16T09:18:28+00:00","description":"Descobreix el sabor intens de les nostres anxoves salades. Perfectes per a les teves receptes gurmet.","breadcrumb":{"@id":"https:\/\/semprecalma.com\/ca\/sobre-nosaltres\/#breadcrumb"},"inLanguage":"ca","potentialAction":[{"@type":"ReadAction","target":["https:\/\/semprecalma.com\/ca\/sobre-nosaltres\/"]}]},{"@type":"ImageObject","inLanguage":"ca","@id":"https:\/\/semprecalma.com\/ca\/sobre-nosaltres\/#primaryimage","url":"http:\/\/semprecalma.com\/wp-content\/uploads\/2023\/11\/PB140842-1024x768.jpg","contentUrl":"http:\/\/semprecalma.com\/wp-content\/uploads\/2023\/11\/PB140842-1024x768.jpg"},{"@type":"BreadcrumbList","@id":"https:\/\/semprecalma.com\/ca\/sobre-nosaltres\/#breadcrumb","itemListElement":[{"@type":"ListItem","position":1,"name":"Home","item":"https:\/\/semprecalma.com\/ca\/"},{"@type":"ListItem","position":2,"name":"Sobre nosaltres"}]},{"@type":"WebSite","@id":"https:\/\/semprecalma.com\/ca\/#website","url":"https:\/\/semprecalma.com\/ca\/","name":"Peixateria Semprecalma","description":"Peix I marisc fresc del cap de creus- anxoves en sal","publisher":{"@id":"https:\/\/semprecalma.com\/ca\/#organization"},"potentialAction":[{"@type":"SearchAction","target":{"@type":"EntryPoint","urlTemplate":"https:\/\/semprecalma.com\/ca\/?s={search_term_string}"},"query-input":{"@type":"PropertyValueSpecification","valueRequired":true,"valueName":"search_term_string"}}],"inLanguage":"ca"},{"@type":"Organization","@id":"https:\/\/semprecalma.com\/ca\/#organization","name":"Peixateria Semprecalma","url":"https:\/\/semprecalma.com\/ca\/","logo":{"@type":"ImageObject","inLanguage":"ca","@id":"https:\/\/semprecalma.com\/ca\/#\/schema\/logo\/image\/","url":"https:\/\/semprecalma.com\/wp-content\/uploads\/2023\/11\/logo.png","contentUrl":"https:\/\/semprecalma.com\/wp-content\/uploads\/2023\/11\/logo.png","width":350,"height":145,"caption":"Peixateria Semprecalma"},"image":{"@id":"https:\/\/semprecalma.com\/ca\/#\/schema\/logo\/image\/"},"sameAs":["https:\/\/www.instagram.com\/peixateria_semprecalma\/"]}]}},"_links":{"self":[{"href":"https:\/\/semprecalma.com\/ca\/wp-json\/wp\/v2\/pages\/12180","targetHints":{"allow":["GET"]}}],"collection":[{"href":"https:\/\/semprecalma.com\/ca\/wp-json\/wp\/v2\/pages"}],"about":[{"href":"https:\/\/semprecalma.com\/ca\/wp-json\/wp\/v2\/types\/page"}],"author":[{"embeddable":true,"href":"https:\/\/semprecalma.com\/ca\/wp-json\/wp\/v2\/users\/1"}],"replies":[{"embeddable":true,"href":"https:\/\/semprecalma.com\/ca\/wp-json\/wp\/v2\/comments?post=12180"}],"version-history":[{"count":40,"href":"https:\/\/semprecalma.com\/ca\/wp-json\/wp\/v2\/pages\/12180\/revisions"}],"predecessor-version":[{"id":13200,"href":"https:\/\/semprecalma.com\/ca\/wp-json\/wp\/v2\/pages\/12180\/revisions\/13200"}],"wp:attachment":[{"href":"https:\/\/semprecalma.com\/ca\/wp-json\/wp\/v2\/media?parent=12180"}],"curies":[{"name":"wp","href":"https:\/\/api.w.org\/{rel}","templated":true}]}}