{"id":12214,"date":"2023-11-21T15:26:05","date_gmt":"2023-11-21T20:26:05","guid":{"rendered":"http:\/\/semprecalma.com\/?page_id=12214"},"modified":"2024-01-16T04:07:20","modified_gmt":"2024-01-16T09:07:20","slug":"elaboracio","status":"publish","type":"page","link":"https:\/\/semprecalma.com\/ca\/elaboracio\/","title":{"rendered":"Elaboraci\u00f3"},"content":{"rendered":"\t\t<div data-elementor-type=\"wp-page\" data-elementor-id=\"12214\" class=\"elementor elementor-12214\">\n\t\t\t\t<div class=\"elementor-element elementor-element-8f38cd1 e-flex e-con-boxed e-con e-parent\" data-id=\"8f38cd1\" data-element_type=\"container\" data-e-type=\"container\">\n\t\t\t\t\t<div class=\"e-con-inner\">\n\t\t\t\t<div class=\"elementor-element elementor-element-308a3c0 elementor-widget elementor-widget-spacer\" data-id=\"308a3c0\" data-element_type=\"widget\" data-e-type=\"widget\" data-widget_type=\"spacer.default\">\n\t\t\t\t<div class=\"elementor-widget-container\">\n\t\t\t\t\t\t\t<div class=\"elementor-spacer\">\n\t\t\t<div class=\"elementor-spacer-inner\"><\/div>\n\t\t<\/div>\n\t\t\t\t\t\t<\/div>\n\t\t\t\t<\/div>\n\t\t\t\t<div class=\"elementor-element elementor-element-a7af97e elementor-widget elementor-widget-heading\" data-id=\"a7af97e\" data-element_type=\"widget\" data-e-type=\"widget\" data-widget_type=\"heading.default\">\n\t\t\t\t<div class=\"elementor-widget-container\">\n\t\t\t\t\t<h2 class=\"elementor-heading-title elementor-size-default\">Elaboraci\u00f3<\/h2>\t\t\t\t<\/div>\n\t\t\t\t<\/div>\n\t\t\t\t<div class=\"elementor-element elementor-element-e8300ae elementor-widget elementor-widget-witr_section_t_widget\" data-id=\"e8300ae\" data-element_type=\"widget\" data-e-type=\"widget\" data-widget_type=\"witr_section_t_widget.default\">\n\t\t\t\t<div class=\"elementor-widget-container\">\n\t\t\t\t\t\t\t\t\t\t<!-- text widget center -->\n\t\t\t\t\t<div class=\"witr_text_widget\">\n\t\t\t\t\t\t<div class=\"witr_text_widget_inner\">\n\t\t\t\t\t\t\t<!-- text widget top -->\n\t\t\t\t\t\t\t\t\t\t\t\t\t\n\t\t\t\t\t\t\t<!-- text widget middle -->\n\t\t\t\t\t\t\t\t\t\t\t\t\t\t<!-- text widget bottom -->\n\t\t\t\t\t\t\t\t\t\t\t\t\t\n\t\t\t\t\t\t\t<!-- content -->\n\t\t\t\t\t\t\t\t\t\t\t\t\t\t\t<p><p>Llan\u00e7\u00e0, poblaci\u00f3 marinera, ha apr\u00e8s dels seus pescadors l'activitat mil.len\u00e0ria de la conserva de l'anxova. Els nostres avis, en Doru i la Neus, ens van ensenyar a confitar aquesta exquisidesa fa m\u00e9s de 50 anys. Les anxoves en sal del Cap de Creus est\u00e1n elaborades amb el m\u00e9s tradicional del m\u00e8todes de preparaci\u00f3. Volem portar aquesta saviesa a la vostra taula. Agra\u00efts per la vostra confian\u00e7a que ens demostreu a l\u00b4adquirir el nostre producte.<\/p><\/p>\t\t\n\t\t\t\t\t\t\t\t\t\t\t\t\t\t\n\t\t\t\t\t\t\t<!--- List content --->\n\t\t\t\t\t\t\t<div class=\"witr_widget_list\">\n\t\t\t\t\t\t\t\t<ul>\t\t\t\t\t\t\t\n\t\t\t\t\t\t\t\t\t\t\t\t\t\t\t\t\t<\/ul>\n\t\t\t\t\t\t\t\t\t\n\t\t\t\t\t\t\t<\/div>\t\t\t\t\t\t\t\n\t\t\t\t\t\t<\/div>\n\t\t\t\t\t<\/div>\n\n\t\t\t\t\t\t\t\t<\/div>\n\t\t\t\t<\/div>\n\t\t\t\t<div class=\"elementor-element elementor-element-9248f0c elementor-widget__width-initial elementor-widget-mobile__width-inherit elementor-widget elementor-widget-video\" data-id=\"9248f0c\" data-element_type=\"widget\" data-e-type=\"widget\" data-settings=\"{&quot;video_type&quot;:&quot;hosted&quot;,&quot;controls&quot;:&quot;yes&quot;}\" data-widget_type=\"video.default\">\n\t\t\t\t<div class=\"elementor-widget-container\">\n\t\t\t\t\t\t\t<div class=\"e-hosted-video elementor-wrapper elementor-open-inline\">\n\t\t\t\t\t<video class=\"elementor-video\" src=\"http:\/\/semprecalma.com\/wp-content\/uploads\/2023\/12\/VIDEO-PREPARANT-ANXOVES-PER-POSAR-EN-OLI.mp4\" controls=\"\" preload=\"metadata\" controlsList=\"nodownload\"><\/video>\n\t\t\t\t<\/div>\n\t\t\t\t\t\t<\/div>\n\t\t\t\t<\/div>\n\t\t\t\t<div class=\"elementor-element elementor-element-da8b592 elementor-widget elementor-widget-witr_section_t_widget\" data-id=\"da8b592\" data-element_type=\"widget\" data-e-type=\"widget\" data-widget_type=\"witr_section_t_widget.default\">\n\t\t\t\t<div class=\"elementor-widget-container\">\n\t\t\t\t\t\t\t\t\t\t<!-- text widget center -->\n\t\t\t\t\t<div class=\"witr_text_widget\">\n\t\t\t\t\t\t<div class=\"witr_text_widget_inner\">\n\t\t\t\t\t\t\t<!-- text widget top -->\n\t\t\t\t\t\t\t\t\t\t\t\t\t\n\t\t\t\t\t\t\t<!-- text widget middle -->\n\t\t\t\t\t\t\t\t\t\t\t\t\t\t<!-- text widget bottom -->\n\t\t\t\t\t\t\t\t\t\t\t\t\t\n\t\t\t\t\t\t\t<!-- content -->\n\t\t\t\t\t\t\t\t\t\t\t\t\t\t\t<p><p><b>Com Preparar Les Anxoves en sal per menjar-les:<\/b><\/p><\/p>\t\t\n\t\t\t\t\t\t\t\t\t\t\t\t\t\t\n\t\t\t\t\t\t\t<!--- List content --->\n\t\t\t\t\t\t\t<div class=\"witr_widget_list\">\n\t\t\t\t\t\t\t\t<ul>\t\t\t\t\t\t\t\n\t\t\t\t\t\t\t\t\t\t\t\t\t\t\t\t\t\t\t\t\t\t\t\t\t\t\t\t\t\t\t\t<li>\n\t\t\t\t\t\t\t\t\t\t\t\t\t\t\t\t\t\t\t\t\t\t\t\t\t\t\t<span class=\"witr_list_icon\"><i class=\"\"><\/i><\/span>\n\t\t\t\t\t\t\t\t\t\t\t\t\t\t\t\t\t\t\t\t\t\t\t\t\t\t<span class=\"witr_list_text\">1. Treure-les del pot i esbandir-les a sota l\u2019aixeta (amb un raig d \u0301aigua suau)<\/span>\n\t\t\t\t\t\t\t\t\t\t\t\t<\/li>\n\t\t\t\t\t\t\t\t\t\t\t\t\t\t\t\t\t\t\t\t\n\t\n\t\t\t\t\t\t\t\t\t\t\t\t\t\t\t\t\t\t\t\t\t\t\t\t\t\t\t\t\t\t\t\t\t<li>\n\t\t\t\t\t\t\t\t\t\t\t\t\t\t\t\t\t\t\t\t\t\t\t\t\t\t\t<span class=\"witr_list_icon\"><i class=\"\"><\/i><\/span>\n\t\t\t\t\t\t\t\t\t\t\t\t\t\t\t\t\t\t\t\t\t\t\t\t\t\t<span class=\"witr_list_text\">2. Obrir-les per la panxa i treure'n l\u00b4 espina central\n<\/span>\n\t\t\t\t\t\t\t\t\t\t\t\t<\/li>\n\t\t\t\t\t\t\t\t\t\t\t\t\t\t\t\t\t\t\t\t\n\t\n\t\t\t\t\t\t\t\t\t\t\t\t\t\t\t\t\t\t\t\t\t\t\t\t\t\t\t\t\t\t\t\t\t<li>\n\t\t\t\t\t\t\t\t\t\t\t\t\t\t\t\t\t\t\t\t\t\t\t\t\t\t\t<span class=\"witr_list_icon\"><i class=\"\"><\/i><\/span>\n\t\t\t\t\t\t\t\t\t\t\t\t\t\t\t\t\t\t\t\t\t\t\t\t\t\t<span class=\"witr_list_text\">3. Posar-les en remull durant 30 Minuts m\u00e0xim. El punt de sal dependr\u00e0\nd\u00b4aquest temps de remull.\n<\/span>\n\t\t\t\t\t\t\t\t\t\t\t\t<\/li>\n\t\t\t\t\t\t\t\t\t\t\t\t\t\t\t\t\t\t\t\t\n\t\n\t\t\t\t\t\t\t\t\t\t\t\t\t\t\t\t\t\t\t\t\t\t\t\t\t\t\t\t\t\t\t\t\t<li>\n\t\t\t\t\t\t\t\t\t\t\t\t\t\t\t\t\t\t\t\t\t\t\t\t\t\t\t<span class=\"witr_list_icon\"><i class=\"\"><\/i><\/span>\n\t\t\t\t\t\t\t\t\t\t\t\t\t\t\t\t\t\t\t\t\t\t\t\t\t\t<span class=\"witr_list_text\">4. Esc\u00f3rrer l'aigua molt b\u00e9 I deixar-les ben eixutes<\/span>\n\t\t\t\t\t\t\t\t\t\t\t\t<\/li>\n\t\t\t\t\t\t\t\t\t\t\t\t\t\t\t\t\t\t\t\t\n\t\n\t\t\t\t\t\t\t\t\t\t\t\t\t\t\t\t\t\t\t\t\t\t\t\t\t\t\t\t\t\t\t\t\t<li>\n\t\t\t\t\t\t\t\t\t\t\t\t\t\t\t\t\t\t\t\t\t\t\t\t\t\t\t<span class=\"witr_list_icon\"><i class=\"\"><\/i><\/span>\n\t\t\t\t\t\t\t\t\t\t\t\t\t\t\t\t\t\t\t\t\t\t\t\t\t\t<span class=\"witr_list_text\">5. Servir-les cobertes d\u00b4oli d\u00b4oliva\n<\/span>\n\t\t\t\t\t\t\t\t\t\t\t\t<\/li>\n\t\t\t\t\t\t\t\t\t\t\t\t\t\t\t\t\t\t\t\t\n\t\n\t\t\t\t\t\t\t\t\t\t\t\t\t\t\t\t\t\t\t\t\t\t\t\t\t\t\t\t\t\t\t\t\t<li>\n\t\t\t\t\t\t\t\t\t\t\t\t\t\t\t\t\t\t\t\t\t\t\t\t\t\t\t<span class=\"witr_list_icon\"><i class=\"\"><\/i><\/span>\n\t\t\t\t\t\t\t\t\t\t\t\t\t\t\t\t\t\t\t\t\t\t\t\t\t\t<span class=\"witr_list_text\">6. I a gaudir d\u00b4un sabor Incomparable!!\n<\/span>\n\t\t\t\t\t\t\t\t\t\t\t\t<\/li>\n\t\t\t\t\t\t\t\t\t\t\t\t\t\t\t\t\t\t\t\t\n\t\n\t\t\t\t\t\t\t\t\t\t\t\t\n\t\t\t\t\t\t\t\t\t\t\t\t\t\t\t\t\t<\/ul>\n\t\t\t\t\t\t\t\t\t\n\t\t\t\t\t\t\t<\/div>\t\t\t\t\t\t\t\n\t\t\t\t\t\t<\/div>\n\t\t\t\t\t<\/div>\n\n\t\t\t\t\t\t\t\t<\/div>\n\t\t\t\t<\/div>\n\t\t\t\t\t<\/div>\n\t\t\t\t<\/div>\n\t\t<div class=\"elementor-element elementor-element-744b800 e-flex e-con-boxed e-con e-parent\" data-id=\"744b800\" data-element_type=\"container\" data-e-type=\"container\">\n\t\t\t\t\t<div class=\"e-con-inner\">\n\t\t\t\t<div class=\"elementor-element elementor-element-79f80f8 elementor-widget__width-initial elementor-widget elementor-widget-video\" data-id=\"79f80f8\" data-element_type=\"widget\" data-e-type=\"widget\" data-settings=\"{&quot;video_type&quot;:&quot;hosted&quot;,&quot;controls&quot;:&quot;yes&quot;}\" data-widget_type=\"video.default\">\n\t\t\t\t<div class=\"elementor-widget-container\">\n\t\t\t\t\t\t\t<div class=\"e-hosted-video elementor-wrapper elementor-open-inline\">\n\t\t\t\t\t<video class=\"elementor-video\" src=\"http:\/\/semprecalma.com\/wp-content\/uploads\/2023\/11\/ELABORANT-ANXOVA-1.mp4\" controls=\"\" preload=\"metadata\" controlsList=\"nodownload\"><\/video>\n\t\t\t\t<\/div>\n\t\t\t\t\t\t<\/div>\n\t\t\t\t<\/div>\n\t\t\t\t<div class=\"elementor-element elementor-element-6a9fb70 elementor-widget__width-initial elementor-widget elementor-widget-video\" data-id=\"6a9fb70\" data-element_type=\"widget\" data-e-type=\"widget\" data-settings=\"{&quot;video_type&quot;:&quot;hosted&quot;,&quot;controls&quot;:&quot;yes&quot;}\" data-widget_type=\"video.default\">\n\t\t\t\t<div class=\"elementor-widget-container\">\n\t\t\t\t\t\t\t<div class=\"e-hosted-video elementor-wrapper elementor-open-inline\">\n\t\t\t\t\t<video class=\"elementor-video\" src=\"http:\/\/semprecalma.com\/wp-content\/uploads\/2023\/11\/ELABORANT-ANXOVA-2.mp4\" controls=\"\" preload=\"metadata\" controlsList=\"nodownload\"><\/video>\n\t\t\t\t<\/div>\n\t\t\t\t\t\t<\/div>\n\t\t\t\t<\/div>\n\t\t\t\t<div class=\"elementor-element elementor-element-6d5a702 elementor-widget__width-initial elementor-widget elementor-widget-video\" data-id=\"6d5a702\" data-element_type=\"widget\" data-e-type=\"widget\" data-settings=\"{&quot;video_type&quot;:&quot;hosted&quot;,&quot;controls&quot;:&quot;yes&quot;}\" data-widget_type=\"video.default\">\n\t\t\t\t<div class=\"elementor-widget-container\">\n\t\t\t\t\t\t\t<div class=\"e-hosted-video elementor-wrapper elementor-open-inline\">\n\t\t\t\t\t<video class=\"elementor-video\" src=\"http:\/\/semprecalma.com\/wp-content\/uploads\/2023\/11\/ELABORANT-ANXOVA-3.mp4\" controls=\"\" preload=\"metadata\" controlsList=\"nodownload\"><\/video>\n\t\t\t\t<\/div>\n\t\t\t\t\t\t<\/div>\n\t\t\t\t<\/div>\n\t\t\t\t\t<\/div>\n\t\t\t\t<\/div>\n\t\t<div class=\"elementor-element elementor-element-b1ce4c0 e-flex e-con-boxed e-con e-parent\" data-id=\"b1ce4c0\" data-element_type=\"container\" data-e-type=\"container\">\n\t\t\t\t\t<div class=\"e-con-inner\">\n\t\t\t\t<div class=\"elementor-element elementor-element-9ca9934 elementor-widget elementor-widget-spacer\" data-id=\"9ca9934\" data-element_type=\"widget\" data-e-type=\"widget\" data-widget_type=\"spacer.default\">\n\t\t\t\t<div class=\"elementor-widget-container\">\n\t\t\t\t\t\t\t<div class=\"elementor-spacer\">\n\t\t\t<div class=\"elementor-spacer-inner\"><\/div>\n\t\t<\/div>\n\t\t\t\t\t\t<\/div>\n\t\t\t\t<\/div>\n\t\t\t\t\t<\/div>\n\t\t\t\t<\/div>\n\t\t\t\t<\/div>\n\t\t","protected":false},"excerpt":{"rendered":"<p>Elaboraci\u00f3 Llan\u00e7\u00e0, poblaci\u00f3 marinera, ha apr\u00e8s dels seus pescadors l&#8217;activitat mil.len\u00e0ria de la conserva de l&#8217;anxova. Els nostres avis, en Doru i la Neus, ens van ensenyar a confitar aquesta exquisidesa fa m\u00e9s de 50 anys. Les anxoves en sal del Cap de Creus est\u00e1n elaborades amb el m\u00e9s tradicional del m\u00e8todes de preparaci\u00f3. Volem [&hellip;]<\/p>\n","protected":false},"author":1,"featured_media":0,"parent":0,"menu_order":0,"comment_status":"closed","ping_status":"closed","template":"template-home.php","meta":{"footnotes":""},"class_list":["post-12214","page","type-page","status-publish","hentry"],"yoast_head":"<!-- This site is optimized with the Yoast SEO plugin v26.9 - https:\/\/yoast.com\/product\/yoast-seo-wordpress\/ -->\n<title>Elaboraci\u00f3 artesanal d&#039;anxoves en sal<\/title>\n<meta name=\"description\" content=\"Prova les nostres anxoves curades amb m\u00e8todes tradicionals. Un menjar que delectar\u00e0 el teu paladar.\" \/>\n<meta name=\"robots\" content=\"index, follow, max-snippet:-1, max-image-preview:large, max-video-preview:-1\" \/>\n<link rel=\"canonical\" href=\"https:\/\/semprecalma.com\/ca\/elaboracio\/\" \/>\n<meta property=\"og:locale\" content=\"ca_ES\" \/>\n<meta property=\"og:type\" content=\"article\" \/>\n<meta property=\"og:title\" content=\"Elaboraci\u00f3 artesanal d&#039;anxoves en sal\" \/>\n<meta property=\"og:description\" content=\"Prova les nostres anxoves curades amb m\u00e8todes tradicionals. Un menjar que delectar\u00e0 el teu paladar.\" \/>\n<meta property=\"og:url\" content=\"https:\/\/semprecalma.com\/ca\/elaboracio\/\" \/>\n<meta property=\"og:site_name\" content=\"Peixateria Semprecalma\" \/>\n<meta property=\"article:modified_time\" content=\"2024-01-16T09:07:20+00:00\" \/>\n<meta name=\"twitter:card\" content=\"summary_large_image\" \/>\n<meta name=\"twitter:label1\" content=\"Temps estimat de lectura\" \/>\n\t<meta name=\"twitter:data1\" content=\"1 minut\" \/>\n<script type=\"application\/ld+json\" class=\"yoast-schema-graph\">{\"@context\":\"https:\/\/schema.org\",\"@graph\":[{\"@type\":\"WebPage\",\"@id\":\"https:\/\/semprecalma.com\/ca\/elaboracio\/\",\"url\":\"https:\/\/semprecalma.com\/ca\/elaboracio\/\",\"name\":\"Elaboraci\u00f3 artesanal d'anxoves en sal\",\"isPartOf\":{\"@id\":\"https:\/\/semprecalma.com\/ca\/#website\"},\"datePublished\":\"2023-11-21T20:26:05+00:00\",\"dateModified\":\"2024-01-16T09:07:20+00:00\",\"description\":\"Prova les nostres anxoves curades amb m\u00e8todes tradicionals. Un menjar que delectar\u00e0 el teu paladar.\",\"breadcrumb\":{\"@id\":\"https:\/\/semprecalma.com\/ca\/elaboracio\/#breadcrumb\"},\"inLanguage\":\"ca\",\"potentialAction\":[{\"@type\":\"ReadAction\",\"target\":[\"https:\/\/semprecalma.com\/ca\/elaboracio\/\"]}]},{\"@type\":\"BreadcrumbList\",\"@id\":\"https:\/\/semprecalma.com\/ca\/elaboracio\/#breadcrumb\",\"itemListElement\":[{\"@type\":\"ListItem\",\"position\":1,\"name\":\"Home\",\"item\":\"https:\/\/semprecalma.com\/ca\/\"},{\"@type\":\"ListItem\",\"position\":2,\"name\":\"Elaboraci\u00f3\"}]},{\"@type\":\"WebSite\",\"@id\":\"https:\/\/semprecalma.com\/ca\/#website\",\"url\":\"https:\/\/semprecalma.com\/ca\/\",\"name\":\"Peixateria Semprecalma\",\"description\":\"Peix I marisc fresc del cap de creus- anxoves en sal\",\"publisher\":{\"@id\":\"https:\/\/semprecalma.com\/ca\/#organization\"},\"potentialAction\":[{\"@type\":\"SearchAction\",\"target\":{\"@type\":\"EntryPoint\",\"urlTemplate\":\"https:\/\/semprecalma.com\/ca\/?s={search_term_string}\"},\"query-input\":{\"@type\":\"PropertyValueSpecification\",\"valueRequired\":true,\"valueName\":\"search_term_string\"}}],\"inLanguage\":\"ca\"},{\"@type\":\"Organization\",\"@id\":\"https:\/\/semprecalma.com\/ca\/#organization\",\"name\":\"Peixateria Semprecalma\",\"url\":\"https:\/\/semprecalma.com\/ca\/\",\"logo\":{\"@type\":\"ImageObject\",\"inLanguage\":\"ca\",\"@id\":\"https:\/\/semprecalma.com\/ca\/#\/schema\/logo\/image\/\",\"url\":\"https:\/\/semprecalma.com\/wp-content\/uploads\/2023\/11\/logo.png\",\"contentUrl\":\"https:\/\/semprecalma.com\/wp-content\/uploads\/2023\/11\/logo.png\",\"width\":350,\"height\":145,\"caption\":\"Peixateria Semprecalma\"},\"image\":{\"@id\":\"https:\/\/semprecalma.com\/ca\/#\/schema\/logo\/image\/\"},\"sameAs\":[\"https:\/\/www.instagram.com\/peixateria_semprecalma\/\"]}]}<\/script>\n<!-- \/ Yoast SEO plugin. -->","yoast_head_json":{"title":"Elaboraci\u00f3 artesanal d'anxoves en sal","description":"Prova les nostres anxoves curades amb m\u00e8todes tradicionals. Un menjar que delectar\u00e0 el teu paladar.","robots":{"index":"index","follow":"follow","max-snippet":"max-snippet:-1","max-image-preview":"max-image-preview:large","max-video-preview":"max-video-preview:-1"},"canonical":"https:\/\/semprecalma.com\/ca\/elaboracio\/","og_locale":"ca_ES","og_type":"article","og_title":"Elaboraci\u00f3 artesanal d'anxoves en sal","og_description":"Prova les nostres anxoves curades amb m\u00e8todes tradicionals. Un menjar que delectar\u00e0 el teu paladar.","og_url":"https:\/\/semprecalma.com\/ca\/elaboracio\/","og_site_name":"Peixateria Semprecalma","article_modified_time":"2024-01-16T09:07:20+00:00","twitter_card":"summary_large_image","twitter_misc":{"Temps estimat de lectura":"1 minut"},"schema":{"@context":"https:\/\/schema.org","@graph":[{"@type":"WebPage","@id":"https:\/\/semprecalma.com\/ca\/elaboracio\/","url":"https:\/\/semprecalma.com\/ca\/elaboracio\/","name":"Elaboraci\u00f3 artesanal d'anxoves en sal","isPartOf":{"@id":"https:\/\/semprecalma.com\/ca\/#website"},"datePublished":"2023-11-21T20:26:05+00:00","dateModified":"2024-01-16T09:07:20+00:00","description":"Prova les nostres anxoves curades amb m\u00e8todes tradicionals. Un menjar que delectar\u00e0 el teu paladar.","breadcrumb":{"@id":"https:\/\/semprecalma.com\/ca\/elaboracio\/#breadcrumb"},"inLanguage":"ca","potentialAction":[{"@type":"ReadAction","target":["https:\/\/semprecalma.com\/ca\/elaboracio\/"]}]},{"@type":"BreadcrumbList","@id":"https:\/\/semprecalma.com\/ca\/elaboracio\/#breadcrumb","itemListElement":[{"@type":"ListItem","position":1,"name":"Home","item":"https:\/\/semprecalma.com\/ca\/"},{"@type":"ListItem","position":2,"name":"Elaboraci\u00f3"}]},{"@type":"WebSite","@id":"https:\/\/semprecalma.com\/ca\/#website","url":"https:\/\/semprecalma.com\/ca\/","name":"Peixateria Semprecalma","description":"Peix I marisc fresc del cap de creus- anxoves en sal","publisher":{"@id":"https:\/\/semprecalma.com\/ca\/#organization"},"potentialAction":[{"@type":"SearchAction","target":{"@type":"EntryPoint","urlTemplate":"https:\/\/semprecalma.com\/ca\/?s={search_term_string}"},"query-input":{"@type":"PropertyValueSpecification","valueRequired":true,"valueName":"search_term_string"}}],"inLanguage":"ca"},{"@type":"Organization","@id":"https:\/\/semprecalma.com\/ca\/#organization","name":"Peixateria Semprecalma","url":"https:\/\/semprecalma.com\/ca\/","logo":{"@type":"ImageObject","inLanguage":"ca","@id":"https:\/\/semprecalma.com\/ca\/#\/schema\/logo\/image\/","url":"https:\/\/semprecalma.com\/wp-content\/uploads\/2023\/11\/logo.png","contentUrl":"https:\/\/semprecalma.com\/wp-content\/uploads\/2023\/11\/logo.png","width":350,"height":145,"caption":"Peixateria Semprecalma"},"image":{"@id":"https:\/\/semprecalma.com\/ca\/#\/schema\/logo\/image\/"},"sameAs":["https:\/\/www.instagram.com\/peixateria_semprecalma\/"]}]}},"_links":{"self":[{"href":"https:\/\/semprecalma.com\/ca\/wp-json\/wp\/v2\/pages\/12214","targetHints":{"allow":["GET"]}}],"collection":[{"href":"https:\/\/semprecalma.com\/ca\/wp-json\/wp\/v2\/pages"}],"about":[{"href":"https:\/\/semprecalma.com\/ca\/wp-json\/wp\/v2\/types\/page"}],"author":[{"embeddable":true,"href":"https:\/\/semprecalma.com\/ca\/wp-json\/wp\/v2\/users\/1"}],"replies":[{"embeddable":true,"href":"https:\/\/semprecalma.com\/ca\/wp-json\/wp\/v2\/comments?post=12214"}],"version-history":[{"count":51,"href":"https:\/\/semprecalma.com\/ca\/wp-json\/wp\/v2\/pages\/12214\/revisions"}],"predecessor-version":[{"id":13203,"href":"https:\/\/semprecalma.com\/ca\/wp-json\/wp\/v2\/pages\/12214\/revisions\/13203"}],"wp:attachment":[{"href":"https:\/\/semprecalma.com\/ca\/wp-json\/wp\/v2\/media?parent=12214"}],"curies":[{"name":"wp","href":"https:\/\/api.w.org\/{rel}","templated":true}]}}