{"id":12398,"date":"2023-11-22T16:54:10","date_gmt":"2023-11-22T21:54:10","guid":{"rendered":"http:\/\/semprecalma.com\/?post_type=product&#038;p=12398"},"modified":"2025-03-01T03:38:15","modified_gmt":"2025-03-01T08:38:15","slug":"anxova-en-sal-20-24-unitats","status":"publish","type":"product","link":"https:\/\/semprecalma.com\/ca\/producte\/anxova-en-sal-20-24-unitats\/","title":{"rendered":"Anxova en sal (20-24 unitats). 1200g aprox."},"content":{"rendered":"<p>Anxova viva salada i macerada en sal i un toc de pebre. Proc\u00e9s \u00edntegrament artesanal, cuidant tots els detalls del proc\u00e9s de sala\u00f3 a l&#8217;antiga. Un cop preparada la sala\u00f3 en envasos de vidre es deixa macerar entre 4 i 6 mesos, depenent de l&#8217;\u00e8poca de l&#8217;any. Es serveix al punt exacte de maduraci\u00f3 per poder-la consumir seguint el m\u00e8tode que us expliquem tot seguit.<\/p>\n<p><strong>Ingredientes<\/strong>: Anxoves, aigua, sal i pebre negre.<\/p>\n<p><b>Com Preparar Les Anxoves en sal per menjar-les:<\/b><\/p>\n<ol style=\"margin-left: 20px;\">\n<li><span style=\"font-weight: 400;\"> Treure-les del pot i esbandir-les a sota l\u2019aixeta (amb un raig d \u0301aigua suau)<\/span><\/li>\n<li><span style=\"font-weight: 400;\"> Obrir-les per la panxa i treure&#8217;n l\u00b4espina central<\/span><\/li>\n<li><span style=\"font-weight: 400;\"> Posar-les en remull durant 30 minuts m\u00e0xim. El punt de sal dependr\u00e0 <\/span>d\u00b4aquest temps de remull.<\/li>\n<li><span style=\"font-weight: 400;\"> Esc\u00f2rrer l&#8217;aigua molt b\u00e9 i deixar-les ben eixutes<\/span><\/li>\n<li><span style=\"font-weight: 400;\"> Servir-les cobertes d\u00b4oli d\u00b4oliva<\/span><\/li>\n<li><span style=\"font-weight: 400;\"> I a gaudir d\u00b4un sabor incomparable!!<\/span><\/li>\n<\/ol>\n","protected":false},"excerpt":{"rendered":"<p>Anxova salada de manera \u00edntegrament artesanal. Producto 100% natural i artesanal.<\/p>\n","protected":false},"featured_media":12399,"template":"","meta":[],"product_brand":[],"product_cat":[36],"product_tag":[],"class_list":{"0":"post-12398","1":"product","2":"type-product","3":"status-publish","4":"has-post-thumbnail","6":"product_cat-conserves","8":"first","9":"instock","10":"taxable","11":"shipping-taxable","12":"purchasable","13":"product-type-simple"},"yoast_head":"<!-- This site is optimized with the Yoast SEO plugin v26.9 - https:\/\/yoast.com\/product\/yoast-seo-wordpress\/ -->\n<title>Anxova en sal (20-24 unitats). 1200g aprox. - Peixateria Semprecalma<\/title>\n<meta name=\"robots\" content=\"index, follow, max-snippet:-1, max-image-preview:large, max-video-preview:-1\" \/>\n<link rel=\"canonical\" href=\"https:\/\/semprecalma.com\/ca\/producte\/anxova-en-sal-20-24-unitats\/\" \/>\n<meta property=\"og:locale\" content=\"ca_ES\" \/>\n<meta property=\"og:type\" content=\"article\" \/>\n<meta property=\"og:title\" content=\"Anxova en sal (20-24 unitats). 1200g aprox. - Peixateria Semprecalma\" \/>\n<meta property=\"og:description\" content=\"Anxova salada de manera \u00edntegrament artesanal. Producto 100% natural i artesanal.\" \/>\n<meta property=\"og:url\" content=\"https:\/\/semprecalma.com\/ca\/producte\/anxova-en-sal-20-24-unitats\/\" \/>\n<meta property=\"og:site_name\" content=\"Peixateria Semprecalma\" \/>\n<meta property=\"article:modified_time\" content=\"2025-03-01T08:38:15+00:00\" \/>\n<meta property=\"og:image\" content=\"https:\/\/semprecalma.com\/wp-content\/uploads\/2023\/11\/ANXOVA-EN-SAL-20_22-UNITATS.png\" \/>\n\t<meta property=\"og:image:width\" content=\"800\" \/>\n\t<meta property=\"og:image:height\" content=\"800\" \/>\n\t<meta property=\"og:image:type\" content=\"image\/png\" \/>\n<meta name=\"twitter:card\" content=\"summary_large_image\" \/>\n<meta name=\"twitter:label1\" content=\"Temps estimat de lectura\" \/>\n\t<meta name=\"twitter:data1\" content=\"1 minut\" \/>\n<script type=\"application\/ld+json\" class=\"yoast-schema-graph\">{\"@context\":\"https:\/\/schema.org\",\"@graph\":[{\"@type\":\"WebPage\",\"@id\":\"https:\/\/semprecalma.com\/ca\/producte\/anxova-en-sal-20-24-unitats\/\",\"url\":\"https:\/\/semprecalma.com\/ca\/producte\/anxova-en-sal-20-24-unitats\/\",\"name\":\"Anxova en sal (20-24 unitats). 1200g aprox. - Peixateria Semprecalma\",\"isPartOf\":{\"@id\":\"https:\/\/semprecalma.com\/ca\/#website\"},\"primaryImageOfPage\":{\"@id\":\"https:\/\/semprecalma.com\/ca\/producte\/anxova-en-sal-20-24-unitats\/#primaryimage\"},\"image\":{\"@id\":\"https:\/\/semprecalma.com\/ca\/producte\/anxova-en-sal-20-24-unitats\/#primaryimage\"},\"thumbnailUrl\":\"https:\/\/semprecalma.com\/wp-content\/uploads\/2023\/11\/ANXOVA-EN-SAL-20_22-UNITATS.png\",\"datePublished\":\"2023-11-22T21:54:10+00:00\",\"dateModified\":\"2025-03-01T08:38:15+00:00\",\"breadcrumb\":{\"@id\":\"https:\/\/semprecalma.com\/ca\/producte\/anxova-en-sal-20-24-unitats\/#breadcrumb\"},\"inLanguage\":\"ca\",\"potentialAction\":[{\"@type\":\"ReadAction\",\"target\":[\"https:\/\/semprecalma.com\/ca\/producte\/anxova-en-sal-20-24-unitats\/\"]}]},{\"@type\":\"ImageObject\",\"inLanguage\":\"ca\",\"@id\":\"https:\/\/semprecalma.com\/ca\/producte\/anxova-en-sal-20-24-unitats\/#primaryimage\",\"url\":\"https:\/\/semprecalma.com\/wp-content\/uploads\/2023\/11\/ANXOVA-EN-SAL-20_22-UNITATS.png\",\"contentUrl\":\"https:\/\/semprecalma.com\/wp-content\/uploads\/2023\/11\/ANXOVA-EN-SAL-20_22-UNITATS.png\",\"width\":800,\"height\":800},{\"@type\":\"BreadcrumbList\",\"@id\":\"https:\/\/semprecalma.com\/ca\/producte\/anxova-en-sal-20-24-unitats\/#breadcrumb\",\"itemListElement\":[{\"@type\":\"ListItem\",\"position\":1,\"name\":\"Home\",\"item\":\"https:\/\/semprecalma.com\/ca\/\"},{\"@type\":\"ListItem\",\"position\":2,\"name\":\"Botiga\",\"item\":\"https:\/\/semprecalma.com\/ca\/shop\/\"},{\"@type\":\"ListItem\",\"position\":3,\"name\":\"Anxova en sal (20-24 unitats). 1200g aprox.\"}]},{\"@type\":\"WebSite\",\"@id\":\"https:\/\/semprecalma.com\/ca\/#website\",\"url\":\"https:\/\/semprecalma.com\/ca\/\",\"name\":\"Peixateria Semprecalma\",\"description\":\"Peix I marisc fresc del cap de creus- anxoves en sal\",\"publisher\":{\"@id\":\"https:\/\/semprecalma.com\/ca\/#organization\"},\"potentialAction\":[{\"@type\":\"SearchAction\",\"target\":{\"@type\":\"EntryPoint\",\"urlTemplate\":\"https:\/\/semprecalma.com\/ca\/?s={search_term_string}\"},\"query-input\":{\"@type\":\"PropertyValueSpecification\",\"valueRequired\":true,\"valueName\":\"search_term_string\"}}],\"inLanguage\":\"ca\"},{\"@type\":\"Organization\",\"@id\":\"https:\/\/semprecalma.com\/ca\/#organization\",\"name\":\"Peixateria Semprecalma\",\"url\":\"https:\/\/semprecalma.com\/ca\/\",\"logo\":{\"@type\":\"ImageObject\",\"inLanguage\":\"ca\",\"@id\":\"https:\/\/semprecalma.com\/ca\/#\/schema\/logo\/image\/\",\"url\":\"https:\/\/semprecalma.com\/wp-content\/uploads\/2023\/11\/logo.png\",\"contentUrl\":\"https:\/\/semprecalma.com\/wp-content\/uploads\/2023\/11\/logo.png\",\"width\":350,\"height\":145,\"caption\":\"Peixateria Semprecalma\"},\"image\":{\"@id\":\"https:\/\/semprecalma.com\/ca\/#\/schema\/logo\/image\/\"},\"sameAs\":[\"https:\/\/www.instagram.com\/peixateria_semprecalma\/\"]}]}<\/script>\n<!-- \/ Yoast SEO plugin. -->","yoast_head_json":{"title":"Anxova en sal (20-24 unitats). 1200g aprox. - Peixateria Semprecalma","robots":{"index":"index","follow":"follow","max-snippet":"max-snippet:-1","max-image-preview":"max-image-preview:large","max-video-preview":"max-video-preview:-1"},"canonical":"https:\/\/semprecalma.com\/ca\/producte\/anxova-en-sal-20-24-unitats\/","og_locale":"ca_ES","og_type":"article","og_title":"Anxova en sal (20-24 unitats). 1200g aprox. - Peixateria Semprecalma","og_description":"Anxova salada de manera \u00edntegrament artesanal. Producto 100% natural i artesanal.","og_url":"https:\/\/semprecalma.com\/ca\/producte\/anxova-en-sal-20-24-unitats\/","og_site_name":"Peixateria Semprecalma","article_modified_time":"2025-03-01T08:38:15+00:00","og_image":[{"width":800,"height":800,"url":"https:\/\/semprecalma.com\/wp-content\/uploads\/2023\/11\/ANXOVA-EN-SAL-20_22-UNITATS.png","type":"image\/png"}],"twitter_card":"summary_large_image","twitter_misc":{"Temps estimat de lectura":"1 minut"},"schema":{"@context":"https:\/\/schema.org","@graph":[{"@type":"WebPage","@id":"https:\/\/semprecalma.com\/ca\/producte\/anxova-en-sal-20-24-unitats\/","url":"https:\/\/semprecalma.com\/ca\/producte\/anxova-en-sal-20-24-unitats\/","name":"Anxova en sal (20-24 unitats). 1200g aprox. - Peixateria Semprecalma","isPartOf":{"@id":"https:\/\/semprecalma.com\/ca\/#website"},"primaryImageOfPage":{"@id":"https:\/\/semprecalma.com\/ca\/producte\/anxova-en-sal-20-24-unitats\/#primaryimage"},"image":{"@id":"https:\/\/semprecalma.com\/ca\/producte\/anxova-en-sal-20-24-unitats\/#primaryimage"},"thumbnailUrl":"https:\/\/semprecalma.com\/wp-content\/uploads\/2023\/11\/ANXOVA-EN-SAL-20_22-UNITATS.png","datePublished":"2023-11-22T21:54:10+00:00","dateModified":"2025-03-01T08:38:15+00:00","breadcrumb":{"@id":"https:\/\/semprecalma.com\/ca\/producte\/anxova-en-sal-20-24-unitats\/#breadcrumb"},"inLanguage":"ca","potentialAction":[{"@type":"ReadAction","target":["https:\/\/semprecalma.com\/ca\/producte\/anxova-en-sal-20-24-unitats\/"]}]},{"@type":"ImageObject","inLanguage":"ca","@id":"https:\/\/semprecalma.com\/ca\/producte\/anxova-en-sal-20-24-unitats\/#primaryimage","url":"https:\/\/semprecalma.com\/wp-content\/uploads\/2023\/11\/ANXOVA-EN-SAL-20_22-UNITATS.png","contentUrl":"https:\/\/semprecalma.com\/wp-content\/uploads\/2023\/11\/ANXOVA-EN-SAL-20_22-UNITATS.png","width":800,"height":800},{"@type":"BreadcrumbList","@id":"https:\/\/semprecalma.com\/ca\/producte\/anxova-en-sal-20-24-unitats\/#breadcrumb","itemListElement":[{"@type":"ListItem","position":1,"name":"Home","item":"https:\/\/semprecalma.com\/ca\/"},{"@type":"ListItem","position":2,"name":"Botiga","item":"https:\/\/semprecalma.com\/ca\/shop\/"},{"@type":"ListItem","position":3,"name":"Anxova en sal (20-24 unitats). 1200g aprox."}]},{"@type":"WebSite","@id":"https:\/\/semprecalma.com\/ca\/#website","url":"https:\/\/semprecalma.com\/ca\/","name":"Peixateria Semprecalma","description":"Peix I marisc fresc del cap de creus- anxoves en sal","publisher":{"@id":"https:\/\/semprecalma.com\/ca\/#organization"},"potentialAction":[{"@type":"SearchAction","target":{"@type":"EntryPoint","urlTemplate":"https:\/\/semprecalma.com\/ca\/?s={search_term_string}"},"query-input":{"@type":"PropertyValueSpecification","valueRequired":true,"valueName":"search_term_string"}}],"inLanguage":"ca"},{"@type":"Organization","@id":"https:\/\/semprecalma.com\/ca\/#organization","name":"Peixateria Semprecalma","url":"https:\/\/semprecalma.com\/ca\/","logo":{"@type":"ImageObject","inLanguage":"ca","@id":"https:\/\/semprecalma.com\/ca\/#\/schema\/logo\/image\/","url":"https:\/\/semprecalma.com\/wp-content\/uploads\/2023\/11\/logo.png","contentUrl":"https:\/\/semprecalma.com\/wp-content\/uploads\/2023\/11\/logo.png","width":350,"height":145,"caption":"Peixateria Semprecalma"},"image":{"@id":"https:\/\/semprecalma.com\/ca\/#\/schema\/logo\/image\/"},"sameAs":["https:\/\/www.instagram.com\/peixateria_semprecalma\/"]}]}},"_links":{"self":[{"href":"https:\/\/semprecalma.com\/ca\/wp-json\/wp\/v2\/product\/12398","targetHints":{"allow":["GET"]}}],"collection":[{"href":"https:\/\/semprecalma.com\/ca\/wp-json\/wp\/v2\/product"}],"about":[{"href":"https:\/\/semprecalma.com\/ca\/wp-json\/wp\/v2\/types\/product"}],"wp:featuredmedia":[{"embeddable":true,"href":"https:\/\/semprecalma.com\/ca\/wp-json\/wp\/v2\/media\/12399"}],"wp:attachment":[{"href":"https:\/\/semprecalma.com\/ca\/wp-json\/wp\/v2\/media?parent=12398"}],"wp:term":[{"taxonomy":"product_brand","embeddable":true,"href":"https:\/\/semprecalma.com\/ca\/wp-json\/wp\/v2\/product_brand?post=12398"},{"taxonomy":"product_cat","embeddable":true,"href":"https:\/\/semprecalma.com\/ca\/wp-json\/wp\/v2\/product_cat?post=12398"},{"taxonomy":"product_tag","embeddable":true,"href":"https:\/\/semprecalma.com\/ca\/wp-json\/wp\/v2\/product_tag?post=12398"}],"curies":[{"name":"wp","href":"https:\/\/api.w.org\/{rel}","templated":true}]}}