{"id":13150,"date":"2023-11-21T15:26:05","date_gmt":"2023-11-21T20:26:05","guid":{"rendered":"https:\/\/semprecalma.com\/elaboracio\/"},"modified":"2024-01-16T04:19:31","modified_gmt":"2024-01-16T09:19:31","slug":"elaboracion","status":"publish","type":"page","link":"https:\/\/semprecalma.com\/es\/elaboracion\/","title":{"rendered":"Elaboraci\u00f3n"},"content":{"rendered":"\t\t<div data-elementor-type=\"wp-page\" data-elementor-id=\"13150\" class=\"elementor elementor-13150 elementor-12214\">\n\t\t\t\t<div class=\"elementor-element elementor-element-8f38cd1 e-flex e-con-boxed e-con e-parent\" data-id=\"8f38cd1\" data-element_type=\"container\" data-e-type=\"container\">\n\t\t\t\t\t<div class=\"e-con-inner\">\n\t\t\t\t<div class=\"elementor-element elementor-element-308a3c0 elementor-widget elementor-widget-spacer\" data-id=\"308a3c0\" data-element_type=\"widget\" data-e-type=\"widget\" data-widget_type=\"spacer.default\">\n\t\t\t\t<div class=\"elementor-widget-container\">\n\t\t\t\t\t\t\t<div class=\"elementor-spacer\">\n\t\t\t<div class=\"elementor-spacer-inner\"><\/div>\n\t\t<\/div>\n\t\t\t\t\t\t<\/div>\n\t\t\t\t<\/div>\n\t\t\t\t<div class=\"elementor-element elementor-element-a7af97e elementor-widget elementor-widget-heading\" data-id=\"a7af97e\" data-element_type=\"widget\" data-e-type=\"widget\" data-widget_type=\"heading.default\">\n\t\t\t\t<div class=\"elementor-widget-container\">\n\t\t\t\t\t<h2 class=\"elementor-heading-title elementor-size-default\">Elaboraci\u00f3n<\/h2>\t\t\t\t<\/div>\n\t\t\t\t<\/div>\n\t\t\t\t<div class=\"elementor-element elementor-element-e8300ae elementor-widget elementor-widget-witr_section_t_widget\" data-id=\"e8300ae\" data-element_type=\"widget\" data-e-type=\"widget\" data-widget_type=\"witr_section_t_widget.default\">\n\t\t\t\t<div class=\"elementor-widget-container\">\n\t\t\t\t\t\t\t\t\t\t<!-- text widget center -->\n\t\t\t\t\t<div class=\"witr_text_widget\">\n\t\t\t\t\t\t<div class=\"witr_text_widget_inner\">\n\t\t\t\t\t\t\t<!-- text widget top -->\n\t\t\t\t\t\t\t\t\t\t\t\t\t\n\t\t\t\t\t\t\t<!-- text widget middle -->\n\t\t\t\t\t\t\t\t\t\t\t\t\t\t<!-- text widget bottom -->\n\t\t\t\t\t\t\t\t\t\t\t\t\t\n\t\t\t\t\t\t\t<!-- content -->\n\t\t\t\t\t\t\t\t\t\t\t\t\t\t\t<p><p>Llan\u00e7\u00e0, poblaci\u00f3n marinera, ha aprendido de sus pescadores la actividad milenaria de la salaz\u00f3n de la anchoa. Nuestros abuelos, Doru y Neus, nos ense\u00f1aron a confitar esta exquisitez hace m\u00e1s de 50 a\u00f1os. Las anchoas en sal del Cap de Creus est\u00e1n elaboradas con el m\u00e1s tradicional de los m\u00e9todos de preparaci\u00f3n. Queremos llevar esta sabidur\u00eda a vuestra mesa. Muy agradecidos por la confianza que nos brindan al adquirir nuestro producto.<\/p><\/p>\t\t\n\t\t\t\t\t\t\t\t\t\t\t\t\t\t\n\t\t\t\t\t\t\t<!--- List content --->\n\t\t\t\t\t\t\t<div class=\"witr_widget_list\">\n\t\t\t\t\t\t\t\t<ul>\t\t\t\t\t\t\t\n\t\t\t\t\t\t\t\t\t\t\t\t\t\t\t\t\t<\/ul>\n\t\t\t\t\t\t\t\t\t\n\t\t\t\t\t\t\t<\/div>\t\t\t\t\t\t\t\n\t\t\t\t\t\t<\/div>\n\t\t\t\t\t<\/div>\n\n\t\t\t\t\t\t\t\t<\/div>\n\t\t\t\t<\/div>\n\t\t\t\t<div class=\"elementor-element elementor-element-9248f0c elementor-widget__width-initial elementor-widget-mobile__width-inherit elementor-widget elementor-widget-video\" data-id=\"9248f0c\" data-element_type=\"widget\" data-e-type=\"widget\" data-settings=\"{&quot;video_type&quot;:&quot;hosted&quot;,&quot;controls&quot;:&quot;yes&quot;}\" data-widget_type=\"video.default\">\n\t\t\t\t<div class=\"elementor-widget-container\">\n\t\t\t\t\t\t\t<div class=\"e-hosted-video elementor-wrapper elementor-open-inline\">\n\t\t\t\t\t<video class=\"elementor-video\" src=\"http:\/\/semprecalma.com\/wp-content\/uploads\/2023\/12\/VIDEO-PREPARANT-ANXOVES-PER-POSAR-EN-OLI.mp4\" controls=\"\" preload=\"metadata\" controlsList=\"nodownload\"><\/video>\n\t\t\t\t<\/div>\n\t\t\t\t\t\t<\/div>\n\t\t\t\t<\/div>\n\t\t\t\t<div class=\"elementor-element elementor-element-da8b592 elementor-widget elementor-widget-witr_section_t_widget\" data-id=\"da8b592\" data-element_type=\"widget\" data-e-type=\"widget\" data-widget_type=\"witr_section_t_widget.default\">\n\t\t\t\t<div class=\"elementor-widget-container\">\n\t\t\t\t\t\t\t\t\t\t<!-- text widget center -->\n\t\t\t\t\t<div class=\"witr_text_widget\">\n\t\t\t\t\t\t<div class=\"witr_text_widget_inner\">\n\t\t\t\t\t\t\t<!-- text widget top -->\n\t\t\t\t\t\t\t\t\t\t\t\t\t\n\t\t\t\t\t\t\t<!-- text widget middle -->\n\t\t\t\t\t\t\t\t\t\t\t\t\t\t<!-- text widget bottom -->\n\t\t\t\t\t\t\t\t\t\t\t\t\t\n\t\t\t\t\t\t\t<!-- content -->\n\t\t\t\t\t\t\t\t\t\t\t\t\t\t\t<p><p><b>Como Preparar Las Anchoas en sal para comerlas:<\/b><\/p><\/p>\t\t\n\t\t\t\t\t\t\t\t\t\t\t\t\t\t\n\t\t\t\t\t\t\t<!--- List content --->\n\t\t\t\t\t\t\t<div class=\"witr_widget_list\">\n\t\t\t\t\t\t\t\t<ul>\t\t\t\t\t\t\t\n\t\t\t\t\t\t\t\t\t\t\t\t\t\t\t\t\t\t\t\t\t\t\t\t\t\t\t\t\t\t\t\t<li>\n\t\t\t\t\t\t\t\t\t\t\t\t\t\t\t\t\t\t\t\t\t\t\t\t\t\t\t<span class=\"witr_list_icon\"><i class=\"\"><\/i><\/span>\n\t\t\t\t\t\t\t\t\t\t\t\t\t\t\t\t\t\t\t\t\t\t\t\t\t\t<span class=\"witr_list_text\">1. Sacar las anchoas del bote y aclararlas con abundante agua bajo el\ngrifo (chorro de agua suave)<\/span>\n\t\t\t\t\t\t\t\t\t\t\t\t<\/li>\n\t\t\t\t\t\t\t\t\t\t\t\t\t\t\t\t\t\t\t\t\n\t\n\t\t\t\t\t\t\t\t\t\t\t\t\t\t\t\t\t\t\t\t\t\t\t\t\t\t\t\t\t\t\t\t\t<li>\n\t\t\t\t\t\t\t\t\t\t\t\t\t\t\t\t\t\t\t\t\t\t\t\t\t\t\t<span class=\"witr_list_icon\"><i class=\"\"><\/i><\/span>\n\t\t\t\t\t\t\t\t\t\t\t\t\t\t\t\t\t\t\t\t\t\t\t\t\t\t<span class=\"witr_list_text\">2. Abrirlas por la tripa y sacar la espina central\n<\/span>\n\t\t\t\t\t\t\t\t\t\t\t\t<\/li>\n\t\t\t\t\t\t\t\t\t\t\t\t\t\t\t\t\t\t\t\t\n\t\n\t\t\t\t\t\t\t\t\t\t\t\t\t\t\t\t\t\t\t\t\t\t\t\t\t\t\t\t\t\t\t\t\t<li>\n\t\t\t\t\t\t\t\t\t\t\t\t\t\t\t\t\t\t\t\t\t\t\t\t\t\t\t<span class=\"witr_list_icon\"><i class=\"\"><\/i><\/span>\n\t\t\t\t\t\t\t\t\t\t\t\t\t\t\t\t\t\t\t\t\t\t\t\t\t\t<span class=\"witr_list_text\">3. Ponerlas en remojo con agua durante m\u00e1ximo 30 minutos. El punto de sal\ndepender\u00e1 del tiempo de este remojo\n<\/span>\n\t\t\t\t\t\t\t\t\t\t\t\t<\/li>\n\t\t\t\t\t\t\t\t\t\t\t\t\t\t\t\t\t\t\t\t\n\t\n\t\t\t\t\t\t\t\t\t\t\t\t\t\t\t\t\t\t\t\t\t\t\t\t\t\t\t\t\t\t\t\t\t<li>\n\t\t\t\t\t\t\t\t\t\t\t\t\t\t\t\t\t\t\t\t\t\t\t\t\t\t\t<span class=\"witr_list_icon\"><i class=\"\"><\/i><\/span>\n\t\t\t\t\t\t\t\t\t\t\t\t\t\t\t\t\t\t\t\t\t\t\t\t\t\t<span class=\"witr_list_text\">4. Escurrir el agua y dejarlas bien secas<\/span>\n\t\t\t\t\t\t\t\t\t\t\t\t<\/li>\n\t\t\t\t\t\t\t\t\t\t\t\t\t\t\t\t\t\t\t\t\n\t\n\t\t\t\t\t\t\t\t\t\t\t\t\t\t\t\t\t\t\t\t\t\t\t\t\t\t\t\t\t\t\t\t\t<li>\n\t\t\t\t\t\t\t\t\t\t\t\t\t\t\t\t\t\t\t\t\t\t\t\t\t\t\t<span class=\"witr_list_icon\"><i class=\"\"><\/i><\/span>\n\t\t\t\t\t\t\t\t\t\t\t\t\t\t\t\t\t\t\t\t\t\t\t\t\t\t<span class=\"witr_list_text\">5. Servirlas cubiertas de aceite de oliva\n<\/span>\n\t\t\t\t\t\t\t\t\t\t\t\t<\/li>\n\t\t\t\t\t\t\t\t\t\t\t\t\t\t\t\t\t\t\t\t\n\t\n\t\t\t\t\t\t\t\t\t\t\t\t\t\t\t\t\t\t\t\t\t\t\t\t\t\t\t\t\t\t\t\t\t<li>\n\t\t\t\t\t\t\t\t\t\t\t\t\t\t\t\t\t\t\t\t\t\t\t\t\t\t\t<span class=\"witr_list_icon\"><i class=\"\"><\/i><\/span>\n\t\t\t\t\t\t\t\t\t\t\t\t\t\t\t\t\t\t\t\t\t\t\t\t\t\t<span class=\"witr_list_text\">6. \u00a1Y a disfrutar de un sabor incomparable!\n<\/span>\n\t\t\t\t\t\t\t\t\t\t\t\t<\/li>\n\t\t\t\t\t\t\t\t\t\t\t\t\t\t\t\t\t\t\t\t\n\t\n\t\t\t\t\t\t\t\t\t\t\t\t\n\t\t\t\t\t\t\t\t\t\t\t\t\t\t\t\t\t<\/ul>\n\t\t\t\t\t\t\t\t\t\n\t\t\t\t\t\t\t<\/div>\t\t\t\t\t\t\t\n\t\t\t\t\t\t<\/div>\n\t\t\t\t\t<\/div>\n\n\t\t\t\t\t\t\t\t<\/div>\n\t\t\t\t<\/div>\n\t\t\t\t\t<\/div>\n\t\t\t\t<\/div>\n\t\t<div class=\"elementor-element elementor-element-744b800 e-flex e-con-boxed e-con e-parent\" data-id=\"744b800\" data-element_type=\"container\" data-e-type=\"container\">\n\t\t\t\t\t<div class=\"e-con-inner\">\n\t\t\t\t<div class=\"elementor-element elementor-element-79f80f8 elementor-widget__width-initial elementor-widget elementor-widget-video\" data-id=\"79f80f8\" data-element_type=\"widget\" data-e-type=\"widget\" data-settings=\"{&quot;video_type&quot;:&quot;hosted&quot;,&quot;controls&quot;:&quot;yes&quot;}\" data-widget_type=\"video.default\">\n\t\t\t\t<div class=\"elementor-widget-container\">\n\t\t\t\t\t\t\t<div class=\"e-hosted-video elementor-wrapper elementor-open-inline\">\n\t\t\t\t\t<video class=\"elementor-video\" src=\"http:\/\/semprecalma.com\/wp-content\/uploads\/2023\/11\/ELABORANT-ANXOVA-1.mp4\" controls=\"\" preload=\"metadata\" controlsList=\"nodownload\"><\/video>\n\t\t\t\t<\/div>\n\t\t\t\t\t\t<\/div>\n\t\t\t\t<\/div>\n\t\t\t\t<div class=\"elementor-element elementor-element-6a9fb70 elementor-widget__width-initial elementor-widget elementor-widget-video\" data-id=\"6a9fb70\" data-element_type=\"widget\" data-e-type=\"widget\" data-settings=\"{&quot;video_type&quot;:&quot;hosted&quot;,&quot;controls&quot;:&quot;yes&quot;}\" data-widget_type=\"video.default\">\n\t\t\t\t<div class=\"elementor-widget-container\">\n\t\t\t\t\t\t\t<div class=\"e-hosted-video elementor-wrapper elementor-open-inline\">\n\t\t\t\t\t<video class=\"elementor-video\" src=\"http:\/\/semprecalma.com\/wp-content\/uploads\/2023\/11\/ELABORANT-ANXOVA-2.mp4\" controls=\"\" preload=\"metadata\" controlsList=\"nodownload\"><\/video>\n\t\t\t\t<\/div>\n\t\t\t\t\t\t<\/div>\n\t\t\t\t<\/div>\n\t\t\t\t<div class=\"elementor-element elementor-element-6d5a702 elementor-widget__width-initial elementor-widget elementor-widget-video\" data-id=\"6d5a702\" data-element_type=\"widget\" data-e-type=\"widget\" data-settings=\"{&quot;video_type&quot;:&quot;hosted&quot;,&quot;controls&quot;:&quot;yes&quot;}\" data-widget_type=\"video.default\">\n\t\t\t\t<div class=\"elementor-widget-container\">\n\t\t\t\t\t\t\t<div class=\"e-hosted-video elementor-wrapper elementor-open-inline\">\n\t\t\t\t\t<video class=\"elementor-video\" src=\"http:\/\/semprecalma.com\/wp-content\/uploads\/2023\/11\/ELABORANT-ANXOVA-3.mp4\" controls=\"\" preload=\"metadata\" controlsList=\"nodownload\"><\/video>\n\t\t\t\t<\/div>\n\t\t\t\t\t\t<\/div>\n\t\t\t\t<\/div>\n\t\t\t\t\t<\/div>\n\t\t\t\t<\/div>\n\t\t<div class=\"elementor-element elementor-element-b1ce4c0 e-flex e-con-boxed e-con e-parent\" data-id=\"b1ce4c0\" data-element_type=\"container\" data-e-type=\"container\">\n\t\t\t\t\t<div class=\"e-con-inner\">\n\t\t\t\t<div class=\"elementor-element elementor-element-9ca9934 elementor-widget elementor-widget-spacer\" data-id=\"9ca9934\" data-element_type=\"widget\" data-e-type=\"widget\" data-widget_type=\"spacer.default\">\n\t\t\t\t<div class=\"elementor-widget-container\">\n\t\t\t\t\t\t\t<div class=\"elementor-spacer\">\n\t\t\t<div class=\"elementor-spacer-inner\"><\/div>\n\t\t<\/div>\n\t\t\t\t\t\t<\/div>\n\t\t\t\t<\/div>\n\t\t\t\t\t<\/div>\n\t\t\t\t<\/div>\n\t\t\t\t<\/div>\n\t\t","protected":false},"excerpt":{"rendered":"<p>Elaboraci\u00f3n Llan\u00e7\u00e0, poblaci\u00f3n marinera, ha aprendido de sus pescadores la actividad milenaria de la salaz\u00f3n de la anchoa. Nuestros abuelos, Doru y Neus, nos ense\u00f1aron a confitar esta exquisitez hace m\u00e1s de 50 a\u00f1os. Las anchoas en sal del Cap de Creus est\u00e1n elaboradas con el m\u00e1s tradicional de los m\u00e9todos de preparaci\u00f3n. Queremos llevar [&hellip;]<\/p>\n","protected":false},"author":1,"featured_media":0,"parent":0,"menu_order":0,"comment_status":"closed","ping_status":"closed","template":"template-home.php","meta":{"footnotes":""},"class_list":["post-13150","page","type-page","status-publish","hentry"],"yoast_head":"<!-- This site is optimized with the Yoast SEO plugin v26.9 - https:\/\/yoast.com\/product\/yoast-seo-wordpress\/ -->\n<title>Elaboraci\u00f3n artesanal de anchoas en salaz\u00f3n<\/title>\n<meta name=\"description\" content=\"Prueba nuestras anchoas curadas con m\u00e9todos tradicionales. Un manjar que deleitar\u00e1 tu paladar.\" \/>\n<meta name=\"robots\" content=\"index, follow, max-snippet:-1, max-image-preview:large, max-video-preview:-1\" \/>\n<link rel=\"canonical\" href=\"https:\/\/semprecalma.com\/es\/elaboracion\/\" \/>\n<meta property=\"og:locale\" content=\"es_ES\" \/>\n<meta property=\"og:type\" content=\"article\" \/>\n<meta property=\"og:title\" content=\"Elaboraci\u00f3n artesanal de anchoas en salaz\u00f3n\" \/>\n<meta property=\"og:description\" content=\"Prueba nuestras anchoas curadas con m\u00e9todos tradicionales. Un manjar que deleitar\u00e1 tu paladar.\" \/>\n<meta property=\"og:url\" content=\"https:\/\/semprecalma.com\/es\/elaboracion\/\" \/>\n<meta property=\"og:site_name\" content=\"Pescader\u00eda Siemprecalma\" \/>\n<meta property=\"article:modified_time\" content=\"2024-01-16T09:19:31+00:00\" \/>\n<meta name=\"twitter:card\" content=\"summary_large_image\" \/>\n<meta name=\"twitter:label1\" content=\"Tiempo de lectura\" \/>\n\t<meta name=\"twitter:data1\" content=\"1 minuto\" \/>\n<script type=\"application\/ld+json\" class=\"yoast-schema-graph\">{\"@context\":\"https:\/\/schema.org\",\"@graph\":[{\"@type\":\"WebPage\",\"@id\":\"https:\/\/semprecalma.com\/es\/elaboracion\/\",\"url\":\"https:\/\/semprecalma.com\/es\/elaboracion\/\",\"name\":\"Elaboraci\u00f3n artesanal de anchoas en salaz\u00f3n\",\"isPartOf\":{\"@id\":\"https:\/\/semprecalma.com\/es\/#website\"},\"datePublished\":\"2023-11-21T20:26:05+00:00\",\"dateModified\":\"2024-01-16T09:19:31+00:00\",\"description\":\"Prueba nuestras anchoas curadas con m\u00e9todos tradicionales. Un manjar que deleitar\u00e1 tu paladar.\",\"breadcrumb\":{\"@id\":\"https:\/\/semprecalma.com\/es\/elaboracion\/#breadcrumb\"},\"inLanguage\":\"es\",\"potentialAction\":[{\"@type\":\"ReadAction\",\"target\":[\"https:\/\/semprecalma.com\/es\/elaboracion\/\"]}]},{\"@type\":\"BreadcrumbList\",\"@id\":\"https:\/\/semprecalma.com\/es\/elaboracion\/#breadcrumb\",\"itemListElement\":[{\"@type\":\"ListItem\",\"position\":1,\"name\":\"Home\",\"item\":\"https:\/\/semprecalma.com\/es\/\"},{\"@type\":\"ListItem\",\"position\":2,\"name\":\"Elaboraci\u00f3n\"}]},{\"@type\":\"WebSite\",\"@id\":\"https:\/\/semprecalma.com\/es\/#website\",\"url\":\"https:\/\/semprecalma.com\/es\/\",\"name\":\"Pescader\u00eda Siemprecalma\",\"description\":\"Pescado y marisco fresco del cabo de creus- anchoas en sal\",\"publisher\":{\"@id\":\"https:\/\/semprecalma.com\/es\/#organization\"},\"potentialAction\":[{\"@type\":\"SearchAction\",\"target\":{\"@type\":\"EntryPoint\",\"urlTemplate\":\"https:\/\/semprecalma.com\/es\/?s={search_term_string}\"},\"query-input\":{\"@type\":\"PropertyValueSpecification\",\"valueRequired\":true,\"valueName\":\"search_term_string\"}}],\"inLanguage\":\"es\"},{\"@type\":\"Organization\",\"@id\":\"https:\/\/semprecalma.com\/es\/#organization\",\"name\":\"Pescader\u00eda Siemprecalma\",\"url\":\"https:\/\/semprecalma.com\/es\/\",\"logo\":{\"@type\":\"ImageObject\",\"inLanguage\":\"es\",\"@id\":\"https:\/\/semprecalma.com\/es\/#\/schema\/logo\/image\/\",\"url\":\"https:\/\/semprecalma.com\/wp-content\/uploads\/2023\/11\/logo.png\",\"contentUrl\":\"https:\/\/semprecalma.com\/wp-content\/uploads\/2023\/11\/logo.png\",\"width\":350,\"height\":145,\"caption\":\"Pescader\u00eda Siemprecalma\"},\"image\":{\"@id\":\"https:\/\/semprecalma.com\/es\/#\/schema\/logo\/image\/\"},\"sameAs\":[\"https:\/\/www.instagram.com\/peixateria_semprecalma\/\"]}]}<\/script>\n<!-- \/ Yoast SEO plugin. -->","yoast_head_json":{"title":"Elaboraci\u00f3n artesanal de anchoas en salaz\u00f3n","description":"Prueba nuestras anchoas curadas con m\u00e9todos tradicionales. Un manjar que deleitar\u00e1 tu paladar.","robots":{"index":"index","follow":"follow","max-snippet":"max-snippet:-1","max-image-preview":"max-image-preview:large","max-video-preview":"max-video-preview:-1"},"canonical":"https:\/\/semprecalma.com\/es\/elaboracion\/","og_locale":"es_ES","og_type":"article","og_title":"Elaboraci\u00f3n artesanal de anchoas en salaz\u00f3n","og_description":"Prueba nuestras anchoas curadas con m\u00e9todos tradicionales. Un manjar que deleitar\u00e1 tu paladar.","og_url":"https:\/\/semprecalma.com\/es\/elaboracion\/","og_site_name":"Pescader\u00eda Siemprecalma","article_modified_time":"2024-01-16T09:19:31+00:00","twitter_card":"summary_large_image","twitter_misc":{"Tiempo de lectura":"1 minuto"},"schema":{"@context":"https:\/\/schema.org","@graph":[{"@type":"WebPage","@id":"https:\/\/semprecalma.com\/es\/elaboracion\/","url":"https:\/\/semprecalma.com\/es\/elaboracion\/","name":"Elaboraci\u00f3n artesanal de anchoas en salaz\u00f3n","isPartOf":{"@id":"https:\/\/semprecalma.com\/es\/#website"},"datePublished":"2023-11-21T20:26:05+00:00","dateModified":"2024-01-16T09:19:31+00:00","description":"Prueba nuestras anchoas curadas con m\u00e9todos tradicionales. Un manjar que deleitar\u00e1 tu paladar.","breadcrumb":{"@id":"https:\/\/semprecalma.com\/es\/elaboracion\/#breadcrumb"},"inLanguage":"es","potentialAction":[{"@type":"ReadAction","target":["https:\/\/semprecalma.com\/es\/elaboracion\/"]}]},{"@type":"BreadcrumbList","@id":"https:\/\/semprecalma.com\/es\/elaboracion\/#breadcrumb","itemListElement":[{"@type":"ListItem","position":1,"name":"Home","item":"https:\/\/semprecalma.com\/es\/"},{"@type":"ListItem","position":2,"name":"Elaboraci\u00f3n"}]},{"@type":"WebSite","@id":"https:\/\/semprecalma.com\/es\/#website","url":"https:\/\/semprecalma.com\/es\/","name":"Pescader\u00eda Siemprecalma","description":"Pescado y marisco fresco del cabo de creus- anchoas en sal","publisher":{"@id":"https:\/\/semprecalma.com\/es\/#organization"},"potentialAction":[{"@type":"SearchAction","target":{"@type":"EntryPoint","urlTemplate":"https:\/\/semprecalma.com\/es\/?s={search_term_string}"},"query-input":{"@type":"PropertyValueSpecification","valueRequired":true,"valueName":"search_term_string"}}],"inLanguage":"es"},{"@type":"Organization","@id":"https:\/\/semprecalma.com\/es\/#organization","name":"Pescader\u00eda Siemprecalma","url":"https:\/\/semprecalma.com\/es\/","logo":{"@type":"ImageObject","inLanguage":"es","@id":"https:\/\/semprecalma.com\/es\/#\/schema\/logo\/image\/","url":"https:\/\/semprecalma.com\/wp-content\/uploads\/2023\/11\/logo.png","contentUrl":"https:\/\/semprecalma.com\/wp-content\/uploads\/2023\/11\/logo.png","width":350,"height":145,"caption":"Pescader\u00eda Siemprecalma"},"image":{"@id":"https:\/\/semprecalma.com\/es\/#\/schema\/logo\/image\/"},"sameAs":["https:\/\/www.instagram.com\/peixateria_semprecalma\/"]}]}},"_links":{"self":[{"href":"https:\/\/semprecalma.com\/es\/wp-json\/wp\/v2\/pages\/13150","targetHints":{"allow":["GET"]}}],"collection":[{"href":"https:\/\/semprecalma.com\/es\/wp-json\/wp\/v2\/pages"}],"about":[{"href":"https:\/\/semprecalma.com\/es\/wp-json\/wp\/v2\/types\/page"}],"author":[{"embeddable":true,"href":"https:\/\/semprecalma.com\/es\/wp-json\/wp\/v2\/users\/1"}],"replies":[{"embeddable":true,"href":"https:\/\/semprecalma.com\/es\/wp-json\/wp\/v2\/comments?post=13150"}],"version-history":[{"count":8,"href":"https:\/\/semprecalma.com\/es\/wp-json\/wp\/v2\/pages\/13150\/revisions"}],"predecessor-version":[{"id":13197,"href":"https:\/\/semprecalma.com\/es\/wp-json\/wp\/v2\/pages\/13150\/revisions\/13197"}],"wp:attachment":[{"href":"https:\/\/semprecalma.com\/es\/wp-json\/wp\/v2\/media?parent=13150"}],"curies":[{"name":"wp","href":"https:\/\/api.w.org\/{rel}","templated":true}]}}