{"id":13040,"date":"2023-12-06T09:58:02","date_gmt":"2023-12-06T14:58:02","guid":{"rendered":"http:\/\/semprecalma.com\/?post_type=product&#038;p=13040"},"modified":"2025-03-05T12:10:59","modified_gmt":"2025-03-05T17:10:59","slug":"anchoas-en-envase-de-30-filetes-calibre-mediano","status":"publish","type":"product","link":"https:\/\/semprecalma.com\/es\/producto\/anchoas-en-envase-de-30-filetes-calibre-mediano\/","title":{"rendered":"Anchoas en aceite. Frasco de 30 filetes calibre medio. 270gr."},"content":{"rendered":"<p><span style=\"font-weight: 400;\">Anchoa calibre mediano en aceite al punto de sal preparada para servir, comer y disfrutar. Una vez extra\u00edda la sal de su maceraci\u00f3n y limpias de espinas, se cubren de aceite de girasol garantizando as\u00ed su sabor. Presentamos las anchoas en envase de vidrio al vac\u00edo.<\/span><\/p>\n","protected":false},"excerpt":{"rendered":"<p><span style=\"font-weight: 400;\">Anchoa en aceite al punto de sal. Frasco al vacio de 270 gr.<\/span><\/p>\n","protected":false},"featured_media":16895,"template":"","meta":[],"product_brand":[],"product_cat":[63],"product_tag":[],"class_list":{"0":"post-13040","1":"product","2":"type-product","3":"status-publish","4":"has-post-thumbnail","6":"product_cat-conservas","8":"first","9":"instock","10":"taxable","11":"shipping-taxable","12":"purchasable","13":"product-type-simple"},"yoast_head":"<!-- This site is optimized with the Yoast SEO plugin v26.9 - https:\/\/yoast.com\/product\/yoast-seo-wordpress\/ -->\n<title>Anchoas en aceite. Frasco de 30 filetes calibre medio. 270gr. - Pescader\u00eda Siemprecalma<\/title>\n<meta name=\"robots\" content=\"index, follow, max-snippet:-1, max-image-preview:large, max-video-preview:-1\" \/>\n<link rel=\"canonical\" href=\"https:\/\/semprecalma.com\/es\/producto\/anchoas-en-envase-de-30-filetes-calibre-mediano\/\" \/>\n<meta property=\"og:locale\" content=\"es_ES\" \/>\n<meta property=\"og:type\" content=\"article\" \/>\n<meta property=\"og:title\" content=\"Anchoas en aceite. Frasco de 30 filetes calibre medio. 270gr. - Pescader\u00eda Siemprecalma\" \/>\n<meta property=\"og:description\" content=\"Anchoa en aceite al punto de sal. Frasco al vacio de 270 gr.\" \/>\n<meta property=\"og:url\" content=\"https:\/\/semprecalma.com\/es\/producto\/anchoas-en-envase-de-30-filetes-calibre-mediano\/\" \/>\n<meta property=\"og:site_name\" content=\"Pescader\u00eda Siemprecalma\" \/>\n<meta property=\"article:modified_time\" content=\"2025-03-05T17:10:59+00:00\" \/>\n<meta property=\"og:image\" content=\"https:\/\/semprecalma.com\/wp-content\/uploads\/2023\/12\/20250217_182220-scaled-e1740770352491.jpg\" \/>\n\t<meta property=\"og:image:width\" content=\"2560\" \/>\n\t<meta property=\"og:image:height\" content=\"1182\" \/>\n\t<meta property=\"og:image:type\" content=\"image\/jpeg\" \/>\n<meta name=\"twitter:card\" content=\"summary_large_image\" \/>\n<meta name=\"twitter:label1\" content=\"Tiempo de lectura\" \/>\n\t<meta name=\"twitter:data1\" content=\"1 minuto\" \/>\n<script type=\"application\/ld+json\" class=\"yoast-schema-graph\">{\"@context\":\"https:\/\/schema.org\",\"@graph\":[{\"@type\":\"WebPage\",\"@id\":\"https:\/\/semprecalma.com\/es\/producto\/anchoas-en-envase-de-30-filetes-calibre-mediano\/\",\"url\":\"https:\/\/semprecalma.com\/es\/producto\/anchoas-en-envase-de-30-filetes-calibre-mediano\/\",\"name\":\"Anchoas en aceite. Frasco de 30 filetes calibre medio. 270gr. - Pescader\u00eda Siemprecalma\",\"isPartOf\":{\"@id\":\"https:\/\/semprecalma.com\/es\/#website\"},\"primaryImageOfPage\":{\"@id\":\"https:\/\/semprecalma.com\/es\/producto\/anchoas-en-envase-de-30-filetes-calibre-mediano\/#primaryimage\"},\"image\":{\"@id\":\"https:\/\/semprecalma.com\/es\/producto\/anchoas-en-envase-de-30-filetes-calibre-mediano\/#primaryimage\"},\"thumbnailUrl\":\"https:\/\/semprecalma.com\/wp-content\/uploads\/2023\/12\/20250217_182220-scaled-e1742726247607.jpg\",\"datePublished\":\"2023-12-06T14:58:02+00:00\",\"dateModified\":\"2025-03-05T17:10:59+00:00\",\"breadcrumb\":{\"@id\":\"https:\/\/semprecalma.com\/es\/producto\/anchoas-en-envase-de-30-filetes-calibre-mediano\/#breadcrumb\"},\"inLanguage\":\"es\",\"potentialAction\":[{\"@type\":\"ReadAction\",\"target\":[\"https:\/\/semprecalma.com\/es\/producto\/anchoas-en-envase-de-30-filetes-calibre-mediano\/\"]}]},{\"@type\":\"ImageObject\",\"inLanguage\":\"es\",\"@id\":\"https:\/\/semprecalma.com\/es\/producto\/anchoas-en-envase-de-30-filetes-calibre-mediano\/#primaryimage\",\"url\":\"https:\/\/semprecalma.com\/wp-content\/uploads\/2023\/12\/20250217_182220-scaled-e1742726247607.jpg\",\"contentUrl\":\"https:\/\/semprecalma.com\/wp-content\/uploads\/2023\/12\/20250217_182220-scaled-e1742726247607.jpg\",\"width\":2560,\"height\":1182},{\"@type\":\"BreadcrumbList\",\"@id\":\"https:\/\/semprecalma.com\/es\/producto\/anchoas-en-envase-de-30-filetes-calibre-mediano\/#breadcrumb\",\"itemListElement\":[{\"@type\":\"ListItem\",\"position\":1,\"name\":\"Home\",\"item\":\"https:\/\/semprecalma.com\/es\/\"},{\"@type\":\"ListItem\",\"position\":2,\"name\":\"Tienda\",\"item\":\"https:\/\/semprecalma.com\/es\/shop\/\"},{\"@type\":\"ListItem\",\"position\":3,\"name\":\"Anchoas en aceite. Frasco de 30 filetes calibre medio. 270gr.\"}]},{\"@type\":\"WebSite\",\"@id\":\"https:\/\/semprecalma.com\/es\/#website\",\"url\":\"https:\/\/semprecalma.com\/es\/\",\"name\":\"Pescader\u00eda Siemprecalma\",\"description\":\"Pescado y marisco fresco del cabo de creus- anchoas en sal\",\"publisher\":{\"@id\":\"https:\/\/semprecalma.com\/es\/#organization\"},\"potentialAction\":[{\"@type\":\"SearchAction\",\"target\":{\"@type\":\"EntryPoint\",\"urlTemplate\":\"https:\/\/semprecalma.com\/es\/?s={search_term_string}\"},\"query-input\":{\"@type\":\"PropertyValueSpecification\",\"valueRequired\":true,\"valueName\":\"search_term_string\"}}],\"inLanguage\":\"es\"},{\"@type\":\"Organization\",\"@id\":\"https:\/\/semprecalma.com\/es\/#organization\",\"name\":\"Pescader\u00eda Siemprecalma\",\"url\":\"https:\/\/semprecalma.com\/es\/\",\"logo\":{\"@type\":\"ImageObject\",\"inLanguage\":\"es\",\"@id\":\"https:\/\/semprecalma.com\/es\/#\/schema\/logo\/image\/\",\"url\":\"https:\/\/semprecalma.com\/wp-content\/uploads\/2023\/11\/logo.png\",\"contentUrl\":\"https:\/\/semprecalma.com\/wp-content\/uploads\/2023\/11\/logo.png\",\"width\":350,\"height\":145,\"caption\":\"Pescader\u00eda Siemprecalma\"},\"image\":{\"@id\":\"https:\/\/semprecalma.com\/es\/#\/schema\/logo\/image\/\"},\"sameAs\":[\"https:\/\/www.instagram.com\/peixateria_semprecalma\/\"]}]}<\/script>\n<!-- \/ Yoast SEO plugin. -->","yoast_head_json":{"title":"Anchoas en aceite. Frasco de 30 filetes calibre medio. 270gr. - Pescader\u00eda Siemprecalma","robots":{"index":"index","follow":"follow","max-snippet":"max-snippet:-1","max-image-preview":"max-image-preview:large","max-video-preview":"max-video-preview:-1"},"canonical":"https:\/\/semprecalma.com\/es\/producto\/anchoas-en-envase-de-30-filetes-calibre-mediano\/","og_locale":"es_ES","og_type":"article","og_title":"Anchoas en aceite. Frasco de 30 filetes calibre medio. 270gr. - Pescader\u00eda Siemprecalma","og_description":"Anchoa en aceite al punto de sal. Frasco al vacio de 270 gr.","og_url":"https:\/\/semprecalma.com\/es\/producto\/anchoas-en-envase-de-30-filetes-calibre-mediano\/","og_site_name":"Pescader\u00eda Siemprecalma","article_modified_time":"2025-03-05T17:10:59+00:00","og_image":[{"width":2560,"height":1182,"url":"https:\/\/semprecalma.com\/wp-content\/uploads\/2023\/12\/20250217_182220-scaled-e1740770352491.jpg","type":"image\/jpeg"}],"twitter_card":"summary_large_image","twitter_misc":{"Tiempo de lectura":"1 minuto"},"schema":{"@context":"https:\/\/schema.org","@graph":[{"@type":"WebPage","@id":"https:\/\/semprecalma.com\/es\/producto\/anchoas-en-envase-de-30-filetes-calibre-mediano\/","url":"https:\/\/semprecalma.com\/es\/producto\/anchoas-en-envase-de-30-filetes-calibre-mediano\/","name":"Anchoas en aceite. Frasco de 30 filetes calibre medio. 270gr. - Pescader\u00eda Siemprecalma","isPartOf":{"@id":"https:\/\/semprecalma.com\/es\/#website"},"primaryImageOfPage":{"@id":"https:\/\/semprecalma.com\/es\/producto\/anchoas-en-envase-de-30-filetes-calibre-mediano\/#primaryimage"},"image":{"@id":"https:\/\/semprecalma.com\/es\/producto\/anchoas-en-envase-de-30-filetes-calibre-mediano\/#primaryimage"},"thumbnailUrl":"https:\/\/semprecalma.com\/wp-content\/uploads\/2023\/12\/20250217_182220-scaled-e1742726247607.jpg","datePublished":"2023-12-06T14:58:02+00:00","dateModified":"2025-03-05T17:10:59+00:00","breadcrumb":{"@id":"https:\/\/semprecalma.com\/es\/producto\/anchoas-en-envase-de-30-filetes-calibre-mediano\/#breadcrumb"},"inLanguage":"es","potentialAction":[{"@type":"ReadAction","target":["https:\/\/semprecalma.com\/es\/producto\/anchoas-en-envase-de-30-filetes-calibre-mediano\/"]}]},{"@type":"ImageObject","inLanguage":"es","@id":"https:\/\/semprecalma.com\/es\/producto\/anchoas-en-envase-de-30-filetes-calibre-mediano\/#primaryimage","url":"https:\/\/semprecalma.com\/wp-content\/uploads\/2023\/12\/20250217_182220-scaled-e1742726247607.jpg","contentUrl":"https:\/\/semprecalma.com\/wp-content\/uploads\/2023\/12\/20250217_182220-scaled-e1742726247607.jpg","width":2560,"height":1182},{"@type":"BreadcrumbList","@id":"https:\/\/semprecalma.com\/es\/producto\/anchoas-en-envase-de-30-filetes-calibre-mediano\/#breadcrumb","itemListElement":[{"@type":"ListItem","position":1,"name":"Home","item":"https:\/\/semprecalma.com\/es\/"},{"@type":"ListItem","position":2,"name":"Tienda","item":"https:\/\/semprecalma.com\/es\/shop\/"},{"@type":"ListItem","position":3,"name":"Anchoas en aceite. Frasco de 30 filetes calibre medio. 270gr."}]},{"@type":"WebSite","@id":"https:\/\/semprecalma.com\/es\/#website","url":"https:\/\/semprecalma.com\/es\/","name":"Pescader\u00eda Siemprecalma","description":"Pescado y marisco fresco del cabo de creus- anchoas en sal","publisher":{"@id":"https:\/\/semprecalma.com\/es\/#organization"},"potentialAction":[{"@type":"SearchAction","target":{"@type":"EntryPoint","urlTemplate":"https:\/\/semprecalma.com\/es\/?s={search_term_string}"},"query-input":{"@type":"PropertyValueSpecification","valueRequired":true,"valueName":"search_term_string"}}],"inLanguage":"es"},{"@type":"Organization","@id":"https:\/\/semprecalma.com\/es\/#organization","name":"Pescader\u00eda Siemprecalma","url":"https:\/\/semprecalma.com\/es\/","logo":{"@type":"ImageObject","inLanguage":"es","@id":"https:\/\/semprecalma.com\/es\/#\/schema\/logo\/image\/","url":"https:\/\/semprecalma.com\/wp-content\/uploads\/2023\/11\/logo.png","contentUrl":"https:\/\/semprecalma.com\/wp-content\/uploads\/2023\/11\/logo.png","width":350,"height":145,"caption":"Pescader\u00eda Siemprecalma"},"image":{"@id":"https:\/\/semprecalma.com\/es\/#\/schema\/logo\/image\/"},"sameAs":["https:\/\/www.instagram.com\/peixateria_semprecalma\/"]}]}},"_links":{"self":[{"href":"https:\/\/semprecalma.com\/es\/wp-json\/wp\/v2\/product\/13040","targetHints":{"allow":["GET"]}}],"collection":[{"href":"https:\/\/semprecalma.com\/es\/wp-json\/wp\/v2\/product"}],"about":[{"href":"https:\/\/semprecalma.com\/es\/wp-json\/wp\/v2\/types\/product"}],"wp:featuredmedia":[{"embeddable":true,"href":"https:\/\/semprecalma.com\/es\/wp-json\/wp\/v2\/media\/16895"}],"wp:attachment":[{"href":"https:\/\/semprecalma.com\/es\/wp-json\/wp\/v2\/media?parent=13040"}],"wp:term":[{"taxonomy":"product_brand","embeddable":true,"href":"https:\/\/semprecalma.com\/es\/wp-json\/wp\/v2\/product_brand?post=13040"},{"taxonomy":"product_cat","embeddable":true,"href":"https:\/\/semprecalma.com\/es\/wp-json\/wp\/v2\/product_cat?post=13040"},{"taxonomy":"product_tag","embeddable":true,"href":"https:\/\/semprecalma.com\/es\/wp-json\/wp\/v2\/product_tag?post=13040"}],"curies":[{"name":"wp","href":"https:\/\/api.w.org\/{rel}","templated":true}]}}