{"id":13046,"date":"2023-12-06T10:08:01","date_gmt":"2023-12-06T15:08:01","guid":{"rendered":"http:\/\/semprecalma.com\/?post_type=product&#038;p=13046"},"modified":"2026-04-15T06:31:34","modified_gmt":"2026-04-15T11:31:34","slug":"filetes-anchoas-en-aceite-oliva-frasco-de-50-filetes-calibre-extra-seleccion","status":"publish","type":"product","link":"https:\/\/semprecalma.com\/es\/producto\/filetes-anchoas-en-aceite-oliva-frasco-de-50-filetes-calibre-extra-seleccion\/","title":{"rendered":"Anchoas en aceite de oliva. Frasco de 50 filetes selecci\u00f3n extra."},"content":{"rendered":"<p><span style=\"font-weight: 400;\">Frasco de filetes de anchoa calibre muy grande, selecci\u00f3n extra, en aceite de oliva al punto de sal preparada para servir, comer y disfrutar. La elaboraci\u00f3n es completamente artesanal. Una vez extra\u00edda la sal de su maceraci\u00f3n y limpias de espinas, una a una las fileteamos hasta obtener filetes casi perfectos, muy carnosos y en su punto justo de sal. Luego cubrimos de aceite de oliva, con ello conseguimos respetar el sabor de la anchoa al m\u00e1ximo nivel. Presentamos las anchoas en\u00a0 envase de vidrio al vac\u00edo.<\/span><\/p>\n","protected":false},"excerpt":{"rendered":"<p><span style=\"font-weight: 400;\">Filete de anchoa en aceite de oliva selecci\u00f3n extra en el punto de sal. Presentadas en envase de vidrio al vacio listas para consumir.<br \/>\n<\/span><\/p>\n","protected":false},"featured_media":16866,"template":"","meta":[],"product_brand":[],"product_cat":[63],"product_tag":[],"class_list":{"0":"post-13046","1":"product","2":"type-product","3":"status-publish","4":"has-post-thumbnail","6":"product_cat-conservas","8":"first","9":"instock","10":"taxable","11":"shipping-taxable","12":"purchasable","13":"product-type-simple"},"yoast_head":"<!-- This site is optimized with the Yoast SEO plugin v26.9 - https:\/\/yoast.com\/product\/yoast-seo-wordpress\/ -->\n<title>Anchoas en aceite de oliva. Frasco de 50 filetes selecci\u00f3n extra. - Pescader\u00eda Siemprecalma<\/title>\n<meta name=\"robots\" content=\"index, follow, max-snippet:-1, max-image-preview:large, max-video-preview:-1\" \/>\n<link rel=\"canonical\" href=\"https:\/\/semprecalma.com\/es\/producto\/filetes-anchoas-en-aceite-oliva-frasco-de-50-filetes-calibre-extra-seleccion\/\" \/>\n<meta property=\"og:locale\" content=\"es_ES\" \/>\n<meta property=\"og:type\" content=\"article\" \/>\n<meta property=\"og:title\" content=\"Anchoas en aceite de oliva. Frasco de 50 filetes selecci\u00f3n extra. - Pescader\u00eda Siemprecalma\" \/>\n<meta property=\"og:description\" content=\"Filete de anchoa en aceite de oliva selecci\u00f3n extra en el punto de sal. Presentadas en envase de vidrio al vacio listas para consumir.\" \/>\n<meta property=\"og:url\" content=\"https:\/\/semprecalma.com\/es\/producto\/filetes-anchoas-en-aceite-oliva-frasco-de-50-filetes-calibre-extra-seleccion\/\" \/>\n<meta property=\"og:site_name\" content=\"Pescader\u00eda Siemprecalma\" \/>\n<meta property=\"article:modified_time\" content=\"2026-04-15T11:31:34+00:00\" \/>\n<meta property=\"og:image\" content=\"https:\/\/semprecalma.com\/wp-content\/uploads\/2023\/12\/20250217_182136-725x1024.jpg\" \/>\n\t<meta property=\"og:image:width\" content=\"725\" \/>\n\t<meta property=\"og:image:height\" content=\"1024\" \/>\n\t<meta property=\"og:image:type\" content=\"image\/jpeg\" \/>\n<meta name=\"twitter:card\" content=\"summary_large_image\" \/>\n<meta name=\"twitter:label1\" content=\"Tiempo de lectura\" \/>\n\t<meta name=\"twitter:data1\" content=\"1 minuto\" \/>\n<script type=\"application\/ld+json\" class=\"yoast-schema-graph\">{\"@context\":\"https:\/\/schema.org\",\"@graph\":[{\"@type\":\"WebPage\",\"@id\":\"https:\/\/semprecalma.com\/es\/producto\/filetes-anchoas-en-aceite-oliva-frasco-de-50-filetes-calibre-extra-seleccion\/\",\"url\":\"https:\/\/semprecalma.com\/es\/producto\/filetes-anchoas-en-aceite-oliva-frasco-de-50-filetes-calibre-extra-seleccion\/\",\"name\":\"Anchoas en aceite de oliva. Frasco de 50 filetes selecci\u00f3n extra. - Pescader\u00eda Siemprecalma\",\"isPartOf\":{\"@id\":\"https:\/\/semprecalma.com\/es\/#website\"},\"primaryImageOfPage\":{\"@id\":\"https:\/\/semprecalma.com\/es\/producto\/filetes-anchoas-en-aceite-oliva-frasco-de-50-filetes-calibre-extra-seleccion\/#primaryimage\"},\"image\":{\"@id\":\"https:\/\/semprecalma.com\/es\/producto\/filetes-anchoas-en-aceite-oliva-frasco-de-50-filetes-calibre-extra-seleccion\/#primaryimage\"},\"thumbnailUrl\":\"https:\/\/semprecalma.com\/wp-content\/uploads\/2023\/12\/20250217_182136.jpg\",\"datePublished\":\"2023-12-06T15:08:01+00:00\",\"dateModified\":\"2026-04-15T11:31:34+00:00\",\"breadcrumb\":{\"@id\":\"https:\/\/semprecalma.com\/es\/producto\/filetes-anchoas-en-aceite-oliva-frasco-de-50-filetes-calibre-extra-seleccion\/#breadcrumb\"},\"inLanguage\":\"es\",\"potentialAction\":[{\"@type\":\"ReadAction\",\"target\":[\"https:\/\/semprecalma.com\/es\/producto\/filetes-anchoas-en-aceite-oliva-frasco-de-50-filetes-calibre-extra-seleccion\/\"]}]},{\"@type\":\"ImageObject\",\"inLanguage\":\"es\",\"@id\":\"https:\/\/semprecalma.com\/es\/producto\/filetes-anchoas-en-aceite-oliva-frasco-de-50-filetes-calibre-extra-seleccion\/#primaryimage\",\"url\":\"https:\/\/semprecalma.com\/wp-content\/uploads\/2023\/12\/20250217_182136.jpg\",\"contentUrl\":\"https:\/\/semprecalma.com\/wp-content\/uploads\/2023\/12\/20250217_182136.jpg\",\"width\":1778,\"height\":2511},{\"@type\":\"BreadcrumbList\",\"@id\":\"https:\/\/semprecalma.com\/es\/producto\/filetes-anchoas-en-aceite-oliva-frasco-de-50-filetes-calibre-extra-seleccion\/#breadcrumb\",\"itemListElement\":[{\"@type\":\"ListItem\",\"position\":1,\"name\":\"Home\",\"item\":\"https:\/\/semprecalma.com\/es\/\"},{\"@type\":\"ListItem\",\"position\":2,\"name\":\"Tienda\",\"item\":\"https:\/\/semprecalma.com\/es\/shop\/\"},{\"@type\":\"ListItem\",\"position\":3,\"name\":\"Anchoas en aceite de oliva. Frasco de 50 filetes selecci\u00f3n extra.\"}]},{\"@type\":\"WebSite\",\"@id\":\"https:\/\/semprecalma.com\/es\/#website\",\"url\":\"https:\/\/semprecalma.com\/es\/\",\"name\":\"Pescader\u00eda Siemprecalma\",\"description\":\"Pescado y marisco fresco del cabo de creus- anchoas en sal\",\"publisher\":{\"@id\":\"https:\/\/semprecalma.com\/es\/#organization\"},\"potentialAction\":[{\"@type\":\"SearchAction\",\"target\":{\"@type\":\"EntryPoint\",\"urlTemplate\":\"https:\/\/semprecalma.com\/es\/?s={search_term_string}\"},\"query-input\":{\"@type\":\"PropertyValueSpecification\",\"valueRequired\":true,\"valueName\":\"search_term_string\"}}],\"inLanguage\":\"es\"},{\"@type\":\"Organization\",\"@id\":\"https:\/\/semprecalma.com\/es\/#organization\",\"name\":\"Pescader\u00eda Siemprecalma\",\"url\":\"https:\/\/semprecalma.com\/es\/\",\"logo\":{\"@type\":\"ImageObject\",\"inLanguage\":\"es\",\"@id\":\"https:\/\/semprecalma.com\/es\/#\/schema\/logo\/image\/\",\"url\":\"https:\/\/semprecalma.com\/wp-content\/uploads\/2023\/11\/logo.png\",\"contentUrl\":\"https:\/\/semprecalma.com\/wp-content\/uploads\/2023\/11\/logo.png\",\"width\":350,\"height\":145,\"caption\":\"Pescader\u00eda Siemprecalma\"},\"image\":{\"@id\":\"https:\/\/semprecalma.com\/es\/#\/schema\/logo\/image\/\"},\"sameAs\":[\"https:\/\/www.instagram.com\/peixateria_semprecalma\/\"]}]}<\/script>\n<!-- \/ Yoast SEO plugin. -->","yoast_head_json":{"title":"Anchoas en aceite de oliva. Frasco de 50 filetes selecci\u00f3n extra. - Pescader\u00eda Siemprecalma","robots":{"index":"index","follow":"follow","max-snippet":"max-snippet:-1","max-image-preview":"max-image-preview:large","max-video-preview":"max-video-preview:-1"},"canonical":"https:\/\/semprecalma.com\/es\/producto\/filetes-anchoas-en-aceite-oliva-frasco-de-50-filetes-calibre-extra-seleccion\/","og_locale":"es_ES","og_type":"article","og_title":"Anchoas en aceite de oliva. Frasco de 50 filetes selecci\u00f3n extra. - Pescader\u00eda Siemprecalma","og_description":"Filete de anchoa en aceite de oliva selecci\u00f3n extra en el punto de sal. Presentadas en envase de vidrio al vacio listas para consumir.","og_url":"https:\/\/semprecalma.com\/es\/producto\/filetes-anchoas-en-aceite-oliva-frasco-de-50-filetes-calibre-extra-seleccion\/","og_site_name":"Pescader\u00eda Siemprecalma","article_modified_time":"2026-04-15T11:31:34+00:00","og_image":[{"width":725,"height":1024,"url":"https:\/\/semprecalma.com\/wp-content\/uploads\/2023\/12\/20250217_182136-725x1024.jpg","type":"image\/jpeg"}],"twitter_card":"summary_large_image","twitter_misc":{"Tiempo de lectura":"1 minuto"},"schema":{"@context":"https:\/\/schema.org","@graph":[{"@type":"WebPage","@id":"https:\/\/semprecalma.com\/es\/producto\/filetes-anchoas-en-aceite-oliva-frasco-de-50-filetes-calibre-extra-seleccion\/","url":"https:\/\/semprecalma.com\/es\/producto\/filetes-anchoas-en-aceite-oliva-frasco-de-50-filetes-calibre-extra-seleccion\/","name":"Anchoas en aceite de oliva. Frasco de 50 filetes selecci\u00f3n extra. - Pescader\u00eda Siemprecalma","isPartOf":{"@id":"https:\/\/semprecalma.com\/es\/#website"},"primaryImageOfPage":{"@id":"https:\/\/semprecalma.com\/es\/producto\/filetes-anchoas-en-aceite-oliva-frasco-de-50-filetes-calibre-extra-seleccion\/#primaryimage"},"image":{"@id":"https:\/\/semprecalma.com\/es\/producto\/filetes-anchoas-en-aceite-oliva-frasco-de-50-filetes-calibre-extra-seleccion\/#primaryimage"},"thumbnailUrl":"https:\/\/semprecalma.com\/wp-content\/uploads\/2023\/12\/20250217_182136.jpg","datePublished":"2023-12-06T15:08:01+00:00","dateModified":"2026-04-15T11:31:34+00:00","breadcrumb":{"@id":"https:\/\/semprecalma.com\/es\/producto\/filetes-anchoas-en-aceite-oliva-frasco-de-50-filetes-calibre-extra-seleccion\/#breadcrumb"},"inLanguage":"es","potentialAction":[{"@type":"ReadAction","target":["https:\/\/semprecalma.com\/es\/producto\/filetes-anchoas-en-aceite-oliva-frasco-de-50-filetes-calibre-extra-seleccion\/"]}]},{"@type":"ImageObject","inLanguage":"es","@id":"https:\/\/semprecalma.com\/es\/producto\/filetes-anchoas-en-aceite-oliva-frasco-de-50-filetes-calibre-extra-seleccion\/#primaryimage","url":"https:\/\/semprecalma.com\/wp-content\/uploads\/2023\/12\/20250217_182136.jpg","contentUrl":"https:\/\/semprecalma.com\/wp-content\/uploads\/2023\/12\/20250217_182136.jpg","width":1778,"height":2511},{"@type":"BreadcrumbList","@id":"https:\/\/semprecalma.com\/es\/producto\/filetes-anchoas-en-aceite-oliva-frasco-de-50-filetes-calibre-extra-seleccion\/#breadcrumb","itemListElement":[{"@type":"ListItem","position":1,"name":"Home","item":"https:\/\/semprecalma.com\/es\/"},{"@type":"ListItem","position":2,"name":"Tienda","item":"https:\/\/semprecalma.com\/es\/shop\/"},{"@type":"ListItem","position":3,"name":"Anchoas en aceite de oliva. Frasco de 50 filetes selecci\u00f3n extra."}]},{"@type":"WebSite","@id":"https:\/\/semprecalma.com\/es\/#website","url":"https:\/\/semprecalma.com\/es\/","name":"Pescader\u00eda Siemprecalma","description":"Pescado y marisco fresco del cabo de creus- anchoas en sal","publisher":{"@id":"https:\/\/semprecalma.com\/es\/#organization"},"potentialAction":[{"@type":"SearchAction","target":{"@type":"EntryPoint","urlTemplate":"https:\/\/semprecalma.com\/es\/?s={search_term_string}"},"query-input":{"@type":"PropertyValueSpecification","valueRequired":true,"valueName":"search_term_string"}}],"inLanguage":"es"},{"@type":"Organization","@id":"https:\/\/semprecalma.com\/es\/#organization","name":"Pescader\u00eda Siemprecalma","url":"https:\/\/semprecalma.com\/es\/","logo":{"@type":"ImageObject","inLanguage":"es","@id":"https:\/\/semprecalma.com\/es\/#\/schema\/logo\/image\/","url":"https:\/\/semprecalma.com\/wp-content\/uploads\/2023\/11\/logo.png","contentUrl":"https:\/\/semprecalma.com\/wp-content\/uploads\/2023\/11\/logo.png","width":350,"height":145,"caption":"Pescader\u00eda Siemprecalma"},"image":{"@id":"https:\/\/semprecalma.com\/es\/#\/schema\/logo\/image\/"},"sameAs":["https:\/\/www.instagram.com\/peixateria_semprecalma\/"]}]}},"_links":{"self":[{"href":"https:\/\/semprecalma.com\/es\/wp-json\/wp\/v2\/product\/13046","targetHints":{"allow":["GET"]}}],"collection":[{"href":"https:\/\/semprecalma.com\/es\/wp-json\/wp\/v2\/product"}],"about":[{"href":"https:\/\/semprecalma.com\/es\/wp-json\/wp\/v2\/types\/product"}],"wp:featuredmedia":[{"embeddable":true,"href":"https:\/\/semprecalma.com\/es\/wp-json\/wp\/v2\/media\/16866"}],"wp:attachment":[{"href":"https:\/\/semprecalma.com\/es\/wp-json\/wp\/v2\/media?parent=13046"}],"wp:term":[{"taxonomy":"product_brand","embeddable":true,"href":"https:\/\/semprecalma.com\/es\/wp-json\/wp\/v2\/product_brand?post=13046"},{"taxonomy":"product_cat","embeddable":true,"href":"https:\/\/semprecalma.com\/es\/wp-json\/wp\/v2\/product_cat?post=13046"},{"taxonomy":"product_tag","embeddable":true,"href":"https:\/\/semprecalma.com\/es\/wp-json\/wp\/v2\/product_tag?post=13046"}],"curies":[{"name":"wp","href":"https:\/\/api.w.org\/{rel}","templated":true}]}}