{"id":12633,"date":"2023-11-21T21:06:23","date_gmt":"2023-11-22T02:06:23","guid":{"rendered":"http:\/\/semprecalma.com\/declaracio-daccessibilitat\/"},"modified":"2023-11-21T21:06:23","modified_gmt":"2023-11-22T02:06:23","slug":"declaracio-daccessibilitat","status":"publish","type":"page","link":"https:\/\/semprecalma.com\/fr\/declaracio-daccessibilitat\/","title":{"rendered":"Declaraci\u00f3 d&#8217;accessibilitat"},"content":{"rendered":"\t\t<div data-elementor-type=\"wp-page\" data-elementor-id=\"12633\" class=\"elementor elementor-12633 elementor-12270\">\n\t\t\t\t<div class=\"elementor-element elementor-element-8f38cd1 e-flex e-con-boxed e-con e-parent\" data-id=\"8f38cd1\" data-element_type=\"container\" data-e-type=\"container\">\n\t\t\t\t\t<div class=\"e-con-inner\">\n\t\t\t\t<div class=\"elementor-element elementor-element-308a3c0 elementor-widget elementor-widget-spacer\" data-id=\"308a3c0\" data-element_type=\"widget\" data-e-type=\"widget\" data-widget_type=\"spacer.default\">\n\t\t\t\t<div class=\"elementor-widget-container\">\n\t\t\t\t\t\t\t<div class=\"elementor-spacer\">\n\t\t\t<div class=\"elementor-spacer-inner\"><\/div>\n\t\t<\/div>\n\t\t\t\t\t\t<\/div>\n\t\t\t\t<\/div>\n\t\t\t\t<div class=\"elementor-element elementor-element-a7af97e elementor-widget elementor-widget-heading\" data-id=\"a7af97e\" data-element_type=\"widget\" data-e-type=\"widget\" data-widget_type=\"heading.default\">\n\t\t\t\t<div class=\"elementor-widget-container\">\n\t\t\t\t\t<h2 class=\"elementor-heading-title elementor-size-default\">Declaraci\u00f3 d'accessibilitat<\/h2>\t\t\t\t<\/div>\n\t\t\t\t<\/div>\n\t\t\t\t<div class=\"elementor-element elementor-element-3c628cf elementor-widget elementor-widget-text-editor\" data-id=\"3c628cf\" data-element_type=\"widget\" data-e-type=\"widget\" data-widget_type=\"text-editor.default\">\n\t\t\t\t<div class=\"elementor-widget-container\">\n\t\t\t\t\t\t\t\t\t<p>Serveis d\u2019Internet Javajan SL,\u00a0 s\u2019ha comprom\u00e8s a fer accessibles els seus llocs web, de conformitat amb el\u00a0 <a href=\"https:\/\/www.boe.es\/buscar\/act.php?id=BOE-A-2018-12699\">Real Decreto 1112\/2018<\/a>, del 7 de setembre, sobre accessibilitat dels llocs web i aplicacions per a dispositius m\u00f2bils, per la qual es trasposa a l&#8217;ordenament jur\u00eddic espanyol la <a href=\"http:\/\/eur-lex.europa.eu\/legal-content\/ES\/TXT\/?uri=uriserv:OJ.L_.2016.327.01.0001.01.SPA&amp;toc=OJ:L:2016:327:FULL\">Directiva (UE) 2016\/2102 del Parlamento Europeo y del Consejo<\/a>.<\/p><p>La present declaraci\u00f3 d\u2019accessibilitat s\u2019aplica al web <a href=\"https:\/\/semprecalma.com\">https:\/\/semprecalma.com<\/a>\u00a0<\/p><p>\u00a0<\/p><h3>Situaci\u00f3 de compliment<\/h3><p>Aquest lloc web \u00e9s parcialment \u00a0conforme amb el <a href=\"https:\/\/www.boe.es\/diario_boe\/txt.php?id=BOE-A-2018-12699\">RD 1112\/2018<\/a> a causa de les excepcions i de la manca de conformitat dels aspectes que s&#8217;indiquen a continuaci\u00f3.<\/p><p>\u00a0<\/p><h3>Contingut no accessible<\/h3><p>El contingut que es recull a continuaci\u00f3 no \u00e9s accessible pel seg\u00fcent:<\/p>\t\t\t\t\t\t\t\t<\/div>\n\t\t\t\t<\/div>\n\t\t\t\t<div class=\"elementor-element elementor-element-707b107 elementor-widget elementor-widget-text-editor\" data-id=\"707b107\" data-element_type=\"widget\" data-e-type=\"widget\" data-widget_type=\"text-editor.default\">\n\t\t\t\t<div class=\"elementor-widget-container\">\n\t\t\t\t\t\t\t\t\t<ol><li aria-level=\"1\">Falta de conformitat amb el\u00a0 RD 1112\/2018<ul><li aria-level=\"2\">A causa de l&#8217;automatitzaci\u00f3 d&#8217;algunes de les publicacions podrien existir p\u00e0gines amb un incorrecte nidament d&#8217;etiquetes HTML.<\/li><li aria-level=\"2\">Hi ha documents en format PDF que no compleixen amb la normativa.<\/li><li aria-level=\"2\">Podrien haver-hi errors puntuals d&#8217;edici\u00f3 en alguna p\u00e0gina web.<\/li><\/ul><\/li><li aria-level=\"1\">Carga desproporcionada<ul><li aria-level=\"2\">No aplica.<\/li><\/ul><\/li><li aria-level=\"1\">Contingut que no entra dins de l&#8217;\u00e0mbit de la legislaci\u00f3 aplicable<ul><li aria-level=\"2\">Fitxers ofim\u00e0tics en PDF o altres formats, aix\u00ed com aplicacions publicades abans del 20 de setembre de 2018 que no compleixin totalment tots els requisits d&#8217;accessibilitat.<\/li><li aria-level=\"2\">Continguts multim\u00e8dia en directe.<\/li><li aria-level=\"2\">Contingut multim\u00e8dia pregravat publicat abans de l&#8217;entrada en vigor del Reial Decret.<\/li><li aria-level=\"2\">Serveis de mapa en l\u00ednia.<\/li><\/ul><\/li><\/ol>\t\t\t\t\t\t\t\t<\/div>\n\t\t\t\t<\/div>\n\t\t\t\t<div class=\"elementor-element elementor-element-f487379 elementor-widget elementor-widget-text-editor\" data-id=\"f487379\" data-element_type=\"widget\" data-e-type=\"widget\" data-widget_type=\"text-editor.default\">\n\t\t\t\t<div class=\"elementor-widget-container\">\n\t\t\t\t\t\t\t\t\t<p>\u00a0<\/p><h3>Preparaci\u00f3 d&#8217;aquesta declaraci\u00f3 d&#8217;accessibilitat<\/h3><p>Aquesta declaraci\u00f3 va ser preparada el 24 de maig de 2023 i est\u00e0 basada en els informes d&#8217;accessibilitat web del <a href=\"https:\/\/administracionelectronica.gob.es\/pae_Home\/pae_Estrategias\/pae_Accesibilidad.html\">Observatorio de Accesibilidad<\/a>.<\/p><p>La data de la darrera revisi\u00f3 ha estat el 30 d\u2019octubre de 2023.<\/p><p>\u00a0<\/p><h3>Observacions i dades de contacte<\/h3><p>Podeu realitzar comunicacions sobre requisits d&#8217;accessibilitat (article 10.2 del RD 1112\/2018) com ara:<\/p><ul><li aria-level=\"1\">informar sobre qualsevol possible incompliment per part d&#8217;aquest lloc web<\/li><li aria-level=\"1\">transmitir altres dificultats d\u2019acc\u00e9s al contingut<\/li><li aria-level=\"1\">formular qualsevol altre consulta o sugger\u00e8ncia de millora relativa a l\u2019accessibilitat del lloc web.<\/li><\/ul><p>a trav\u00e9s del correu electr\u00f2nic <a href=\"mailto:info@javajan.com\">info@javajan.com<\/a> indicant en l\u2019assumpte el nom de la p\u00e0gina.<\/p><p>\u00a0<\/p><h3>Contingut opcional<\/h3><p>Aquest lloc web:<\/p><ul><li aria-level=\"1\">S&#8217;ha dissenyat adaptant-se als est\u00e0ndards i normatives vigents en relaci\u00f3 amb l&#8217;accessibilitat, complint amb els punts de verificaci\u00f3 de prioritat 2 (AA) definits a l&#8217;especificaci\u00f3 de Pautes d&#8217;Accessibilitat al Contingut a la Web (WCAG 2.1).<\/li><li aria-level=\"1\">Compleix els requisits de la Norma <a href=\"https:\/\/administracionelectronica.gob.es\/pae_Home\/dam\/jcr:2352eaaf-2ee8-4501-a67b-bb682c6de934\/Norma_UNE-EN_301549.pdf\">UNE-EN 301549 v1.1.2:2015<\/a>, considerant les excepcions del Real Decreto 1112\/2018.<\/li><li aria-level=\"1\">Est\u00e0 dissenyat per a la seva correcta visualitzaci\u00f3 en dispositius d\u2019escriptori, tablet i m\u00f2bils per a una resoluci\u00f3 m\u00ednima de 1280&#215;1024.<\/li><li aria-level=\"1\">S&#8217;ha realitzat utilitzant HTML5 com a llenguatge de marcatge i fulls d&#8217;estil CSS 3 pel disseny.<\/li><\/ul>\t\t\t\t\t\t\t\t<\/div>\n\t\t\t\t<\/div>\n\t\t\t\t<div class=\"elementor-element elementor-element-4c4f3f1 elementor-widget elementor-widget-spacer\" data-id=\"4c4f3f1\" data-element_type=\"widget\" data-e-type=\"widget\" data-widget_type=\"spacer.default\">\n\t\t\t\t<div class=\"elementor-widget-container\">\n\t\t\t\t\t\t\t<div class=\"elementor-spacer\">\n\t\t\t<div class=\"elementor-spacer-inner\"><\/div>\n\t\t<\/div>\n\t\t\t\t\t\t<\/div>\n\t\t\t\t<\/div>\n\t\t\t\t\t<\/div>\n\t\t\t\t<\/div>\n\t\t\t\t<\/div>\n\t\t","protected":false},"excerpt":{"rendered":"<p>Declaraci\u00f3 d&#8217;accessibilitat Serveis d\u2019Internet Javajan SL,\u00a0 s\u2019ha comprom\u00e8s a fer accessibles els seus llocs web, de conformitat amb el\u00a0 Real Decreto 1112\/2018, del 7 de setembre, sobre accessibilitat dels llocs web i aplicacions per a dispositius m\u00f2bils, per la qual es trasposa a l&#8217;ordenament jur\u00eddic espanyol la Directiva (UE) 2016\/2102 del Parlamento Europeo y del [&hellip;]<\/p>\n","protected":false},"author":1,"featured_media":0,"parent":0,"menu_order":0,"comment_status":"closed","ping_status":"closed","template":"template-home.php","meta":{"footnotes":""},"class_list":["post-12633","page","type-page","status-publish","hentry"],"yoast_head":"<!-- This site is optimized with the Yoast SEO plugin v26.9 - https:\/\/yoast.com\/product\/yoast-seo-wordpress\/ -->\n<title>Declaraci\u00f3 d&#039;accessibilitat - Peixateria Semprecalma<\/title>\n<meta name=\"robots\" content=\"index, follow, max-snippet:-1, max-image-preview:large, max-video-preview:-1\" \/>\n<link rel=\"canonical\" href=\"https:\/\/semprecalma.com\/fr\/declaracio-daccessibilitat\/\" \/>\n<meta property=\"og:locale\" content=\"fr_FR\" \/>\n<meta property=\"og:type\" content=\"article\" \/>\n<meta property=\"og:title\" content=\"Declaraci\u00f3 d&#039;accessibilitat - Peixateria Semprecalma\" \/>\n<meta property=\"og:description\" content=\"Declaraci\u00f3 d&#8217;accessibilitat Serveis d\u2019Internet Javajan SL,\u00a0 s\u2019ha comprom\u00e8s a fer accessibles els seus llocs web, de conformitat amb el\u00a0 Real Decreto 1112\/2018, del 7 de setembre, sobre accessibilitat dels llocs web i aplicacions per a dispositius m\u00f2bils, per la qual es trasposa a l&#8217;ordenament jur\u00eddic espanyol la Directiva (UE) 2016\/2102 del Parlamento Europeo y del [&hellip;]\" \/>\n<meta property=\"og:url\" content=\"https:\/\/semprecalma.com\/fr\/declaracio-daccessibilitat\/\" \/>\n<meta property=\"og:site_name\" content=\"Peixateria Semprecalma\" \/>\n<meta name=\"twitter:card\" content=\"summary_large_image\" \/>\n<meta name=\"twitter:label1\" content=\"Dur\u00e9e de lecture estim\u00e9e\" \/>\n\t<meta name=\"twitter:data1\" content=\"2 minutes\" \/>\n<script type=\"application\/ld+json\" class=\"yoast-schema-graph\">{\"@context\":\"https:\/\/schema.org\",\"@graph\":[{\"@type\":\"WebPage\",\"@id\":\"https:\/\/semprecalma.com\/fr\/declaracio-daccessibilitat\/\",\"url\":\"https:\/\/semprecalma.com\/fr\/declaracio-daccessibilitat\/\",\"name\":\"Declaraci\u00f3 d'accessibilitat - Peixateria Semprecalma\",\"isPartOf\":{\"@id\":\"https:\/\/semprecalma.com\/fr\/#website\"},\"datePublished\":\"2023-11-22T02:06:23+00:00\",\"breadcrumb\":{\"@id\":\"https:\/\/semprecalma.com\/fr\/declaracio-daccessibilitat\/#breadcrumb\"},\"inLanguage\":\"fr-FR\",\"potentialAction\":[{\"@type\":\"ReadAction\",\"target\":[\"https:\/\/semprecalma.com\/fr\/declaracio-daccessibilitat\/\"]}]},{\"@type\":\"BreadcrumbList\",\"@id\":\"https:\/\/semprecalma.com\/fr\/declaracio-daccessibilitat\/#breadcrumb\",\"itemListElement\":[{\"@type\":\"ListItem\",\"position\":1,\"name\":\"Home\",\"item\":\"https:\/\/semprecalma.com\/fr\/\"},{\"@type\":\"ListItem\",\"position\":2,\"name\":\"Declaraci\u00f3 d&#8217;accessibilitat\"}]},{\"@type\":\"WebSite\",\"@id\":\"https:\/\/semprecalma.com\/fr\/#website\",\"url\":\"https:\/\/semprecalma.com\/fr\/\",\"name\":\"Peixateria Semprecalma\",\"description\":\"Peix I marisc fresc del cap de creus- anxoves en sal\",\"publisher\":{\"@id\":\"https:\/\/semprecalma.com\/fr\/#organization\"},\"potentialAction\":[{\"@type\":\"SearchAction\",\"target\":{\"@type\":\"EntryPoint\",\"urlTemplate\":\"https:\/\/semprecalma.com\/fr\/?s={search_term_string}\"},\"query-input\":{\"@type\":\"PropertyValueSpecification\",\"valueRequired\":true,\"valueName\":\"search_term_string\"}}],\"inLanguage\":\"fr-FR\"},{\"@type\":\"Organization\",\"@id\":\"https:\/\/semprecalma.com\/fr\/#organization\",\"name\":\"Peixateria Semprecalma\",\"url\":\"https:\/\/semprecalma.com\/fr\/\",\"logo\":{\"@type\":\"ImageObject\",\"inLanguage\":\"fr-FR\",\"@id\":\"https:\/\/semprecalma.com\/fr\/#\/schema\/logo\/image\/\",\"url\":\"https:\/\/semprecalma.com\/wp-content\/uploads\/2023\/11\/logo.png\",\"contentUrl\":\"https:\/\/semprecalma.com\/wp-content\/uploads\/2023\/11\/logo.png\",\"width\":350,\"height\":145,\"caption\":\"Peixateria Semprecalma\"},\"image\":{\"@id\":\"https:\/\/semprecalma.com\/fr\/#\/schema\/logo\/image\/\"},\"sameAs\":[\"https:\/\/www.instagram.com\/peixateria_semprecalma\/\"]}]}<\/script>\n<!-- \/ Yoast SEO plugin. -->","yoast_head_json":{"title":"Declaraci\u00f3 d'accessibilitat - Peixateria Semprecalma","robots":{"index":"index","follow":"follow","max-snippet":"max-snippet:-1","max-image-preview":"max-image-preview:large","max-video-preview":"max-video-preview:-1"},"canonical":"https:\/\/semprecalma.com\/fr\/declaracio-daccessibilitat\/","og_locale":"fr_FR","og_type":"article","og_title":"Declaraci\u00f3 d'accessibilitat - Peixateria Semprecalma","og_description":"Declaraci\u00f3 d&#8217;accessibilitat Serveis d\u2019Internet Javajan SL,\u00a0 s\u2019ha comprom\u00e8s a fer accessibles els seus llocs web, de conformitat amb el\u00a0 Real Decreto 1112\/2018, del 7 de setembre, sobre accessibilitat dels llocs web i aplicacions per a dispositius m\u00f2bils, per la qual es trasposa a l&#8217;ordenament jur\u00eddic espanyol la Directiva (UE) 2016\/2102 del Parlamento Europeo y del [&hellip;]","og_url":"https:\/\/semprecalma.com\/fr\/declaracio-daccessibilitat\/","og_site_name":"Peixateria Semprecalma","twitter_card":"summary_large_image","twitter_misc":{"Dur\u00e9e de lecture estim\u00e9e":"2 minutes"},"schema":{"@context":"https:\/\/schema.org","@graph":[{"@type":"WebPage","@id":"https:\/\/semprecalma.com\/fr\/declaracio-daccessibilitat\/","url":"https:\/\/semprecalma.com\/fr\/declaracio-daccessibilitat\/","name":"Declaraci\u00f3 d'accessibilitat - Peixateria Semprecalma","isPartOf":{"@id":"https:\/\/semprecalma.com\/fr\/#website"},"datePublished":"2023-11-22T02:06:23+00:00","breadcrumb":{"@id":"https:\/\/semprecalma.com\/fr\/declaracio-daccessibilitat\/#breadcrumb"},"inLanguage":"fr-FR","potentialAction":[{"@type":"ReadAction","target":["https:\/\/semprecalma.com\/fr\/declaracio-daccessibilitat\/"]}]},{"@type":"BreadcrumbList","@id":"https:\/\/semprecalma.com\/fr\/declaracio-daccessibilitat\/#breadcrumb","itemListElement":[{"@type":"ListItem","position":1,"name":"Home","item":"https:\/\/semprecalma.com\/fr\/"},{"@type":"ListItem","position":2,"name":"Declaraci\u00f3 d&#8217;accessibilitat"}]},{"@type":"WebSite","@id":"https:\/\/semprecalma.com\/fr\/#website","url":"https:\/\/semprecalma.com\/fr\/","name":"Peixateria Semprecalma","description":"Peix I marisc fresc del cap de creus- anxoves en sal","publisher":{"@id":"https:\/\/semprecalma.com\/fr\/#organization"},"potentialAction":[{"@type":"SearchAction","target":{"@type":"EntryPoint","urlTemplate":"https:\/\/semprecalma.com\/fr\/?s={search_term_string}"},"query-input":{"@type":"PropertyValueSpecification","valueRequired":true,"valueName":"search_term_string"}}],"inLanguage":"fr-FR"},{"@type":"Organization","@id":"https:\/\/semprecalma.com\/fr\/#organization","name":"Peixateria Semprecalma","url":"https:\/\/semprecalma.com\/fr\/","logo":{"@type":"ImageObject","inLanguage":"fr-FR","@id":"https:\/\/semprecalma.com\/fr\/#\/schema\/logo\/image\/","url":"https:\/\/semprecalma.com\/wp-content\/uploads\/2023\/11\/logo.png","contentUrl":"https:\/\/semprecalma.com\/wp-content\/uploads\/2023\/11\/logo.png","width":350,"height":145,"caption":"Peixateria Semprecalma"},"image":{"@id":"https:\/\/semprecalma.com\/fr\/#\/schema\/logo\/image\/"},"sameAs":["https:\/\/www.instagram.com\/peixateria_semprecalma\/"]}]}},"_links":{"self":[{"href":"https:\/\/semprecalma.com\/fr\/wp-json\/wp\/v2\/pages\/12633","targetHints":{"allow":["GET"]}}],"collection":[{"href":"https:\/\/semprecalma.com\/fr\/wp-json\/wp\/v2\/pages"}],"about":[{"href":"https:\/\/semprecalma.com\/fr\/wp-json\/wp\/v2\/types\/page"}],"author":[{"embeddable":true,"href":"https:\/\/semprecalma.com\/fr\/wp-json\/wp\/v2\/users\/1"}],"replies":[{"embeddable":true,"href":"https:\/\/semprecalma.com\/fr\/wp-json\/wp\/v2\/comments?post=12633"}],"version-history":[{"count":0,"href":"https:\/\/semprecalma.com\/fr\/wp-json\/wp\/v2\/pages\/12633\/revisions"}],"wp:attachment":[{"href":"https:\/\/semprecalma.com\/fr\/wp-json\/wp\/v2\/media?parent=12633"}],"curies":[{"name":"wp","href":"https:\/\/api.w.org\/{rel}","templated":true}]}}