{"id":12385,"date":"2023-11-22T16:37:08","date_gmt":"2023-11-22T21:37:08","guid":{"rendered":"http:\/\/semprecalma.com\/?post_type=product&#038;p=12385"},"modified":"2025-03-01T03:53:51","modified_gmt":"2025-03-01T08:53:51","slug":"anxova-en-sal-10-12-unitats","status":"publish","type":"product","link":"https:\/\/semprecalma.com\/fr\/produit\/anxova-en-sal-10-12-unitats\/","title":{"rendered":"Anxova en sal (10-12 unitats). 300g aprox."},"content":{"rendered":"<p>Anxova viva salada i macerada en sal i un toc de pebre. Proc\u00e8s \u00edntegrament artesanal, cuidant tots els detalls del m\u00e8tode de sala\u00f3 a l&#8217;antiga. Un cop preparada la sala\u00f3 en envasos de vidre es deixa macerar entre 4 i 6 mesos, depenent de l&#8217;\u00e8poca de l&#8217;any. Es serveix al punt exacte de maduraci\u00f3 per poder-la consumir.<\/p>\n<p><strong>Ingredientes<\/strong>: Anxoves, aigua, sal i pebre negre.<\/p>\n<p><b>Com Preparar Les Anxoves en sal per menjar-les:<\/b><\/p>\n<ol style=\"margin-left: 20px;\">\n<li><span style=\"font-weight: 400;\"> Treure-les del pot i esbandir-les a sota l\u2019aixeta (amb un raig d \u0301aigua suau)<\/span><\/li>\n<li><span style=\"font-weight: 400;\"> Obrir-les per la panxa i treure&#8217;n l\u00b4espina central<\/span><\/li>\n<li><span style=\"font-weight: 400;\"> Posar-les en remull durant 30 minuts m\u00e0xim. El punt de sal dependr\u00e0 <\/span>d\u00b4aquest temps de remull.<\/li>\n<li><span style=\"font-weight: 400;\"> Esc\u00f2rrer l&#8217;aigua molt b\u00e9 i deixar-les ben eixutes<\/span><\/li>\n<li><span style=\"font-weight: 400;\"> Servir-les cobertes d\u00b4oli d\u00b4oliva<\/span><\/li>\n<li><span style=\"font-weight: 400;\"> I a gaudir d\u00b4un sabor incomparable!!<\/span><\/li>\n<\/ol>\n","protected":false},"excerpt":{"rendered":"<p>Anxova salada de manera totalment artesanal. Producte 100% natural.<\/p>\n","protected":false},"featured_media":12392,"template":"","meta":[],"product_brand":[],"product_cat":[36],"product_tag":[],"class_list":{"0":"post-12385","1":"product","2":"type-product","3":"status-publish","4":"has-post-thumbnail","6":"product_cat-conserves","8":"first","9":"instock","10":"taxable","11":"shipping-taxable","12":"purchasable","13":"product-type-simple"},"yoast_head":"<!-- This site is optimized with the Yoast SEO plugin v26.9 - https:\/\/yoast.com\/product\/yoast-seo-wordpress\/ -->\n<title>Anxova en sal (10-12 unitats). 300g aprox. - Peixateria Semprecalma<\/title>\n<meta name=\"robots\" content=\"index, follow, max-snippet:-1, max-image-preview:large, max-video-preview:-1\" \/>\n<link rel=\"canonical\" href=\"https:\/\/semprecalma.com\/fr\/produit\/anxova-en-sal-10-12-unitats\/\" \/>\n<meta property=\"og:locale\" content=\"fr_FR\" \/>\n<meta property=\"og:type\" content=\"article\" \/>\n<meta property=\"og:title\" content=\"Anxova en sal (10-12 unitats). 300g aprox. - Peixateria Semprecalma\" \/>\n<meta property=\"og:description\" content=\"Anxova salada de manera totalment artesanal. Producte 100% natural.\" \/>\n<meta property=\"og:url\" content=\"https:\/\/semprecalma.com\/fr\/produit\/anxova-en-sal-10-12-unitats\/\" \/>\n<meta property=\"og:site_name\" content=\"Peixateria Semprecalma\" \/>\n<meta property=\"article:modified_time\" content=\"2025-03-01T08:53:51+00:00\" \/>\n<meta property=\"og:image\" content=\"https:\/\/semprecalma.com\/wp-content\/uploads\/2023\/11\/ANXOVA-EN-SAL-10_12-UNITATS.png\" \/>\n\t<meta property=\"og:image:width\" content=\"800\" \/>\n\t<meta property=\"og:image:height\" content=\"800\" \/>\n\t<meta property=\"og:image:type\" content=\"image\/png\" \/>\n<meta name=\"twitter:card\" content=\"summary_large_image\" \/>\n<meta name=\"twitter:label1\" content=\"Dur\u00e9e de lecture estim\u00e9e\" \/>\n\t<meta name=\"twitter:data1\" content=\"1 minute\" \/>\n<script type=\"application\/ld+json\" class=\"yoast-schema-graph\">{\"@context\":\"https:\/\/schema.org\",\"@graph\":[{\"@type\":\"WebPage\",\"@id\":\"https:\/\/semprecalma.com\/fr\/produit\/anxova-en-sal-10-12-unitats\/\",\"url\":\"https:\/\/semprecalma.com\/fr\/produit\/anxova-en-sal-10-12-unitats\/\",\"name\":\"Anxova en sal (10-12 unitats). 300g aprox. - Peixateria Semprecalma\",\"isPartOf\":{\"@id\":\"https:\/\/semprecalma.com\/fr\/#website\"},\"primaryImageOfPage\":{\"@id\":\"https:\/\/semprecalma.com\/fr\/produit\/anxova-en-sal-10-12-unitats\/#primaryimage\"},\"image\":{\"@id\":\"https:\/\/semprecalma.com\/fr\/produit\/anxova-en-sal-10-12-unitats\/#primaryimage\"},\"thumbnailUrl\":\"https:\/\/semprecalma.com\/wp-content\/uploads\/2023\/11\/ANXOVA-EN-SAL-10_12-UNITATS.png\",\"datePublished\":\"2023-11-22T21:37:08+00:00\",\"dateModified\":\"2025-03-01T08:53:51+00:00\",\"breadcrumb\":{\"@id\":\"https:\/\/semprecalma.com\/fr\/produit\/anxova-en-sal-10-12-unitats\/#breadcrumb\"},\"inLanguage\":\"fr-FR\",\"potentialAction\":[{\"@type\":\"ReadAction\",\"target\":[\"https:\/\/semprecalma.com\/fr\/produit\/anxova-en-sal-10-12-unitats\/\"]}]},{\"@type\":\"ImageObject\",\"inLanguage\":\"fr-FR\",\"@id\":\"https:\/\/semprecalma.com\/fr\/produit\/anxova-en-sal-10-12-unitats\/#primaryimage\",\"url\":\"https:\/\/semprecalma.com\/wp-content\/uploads\/2023\/11\/ANXOVA-EN-SAL-10_12-UNITATS.png\",\"contentUrl\":\"https:\/\/semprecalma.com\/wp-content\/uploads\/2023\/11\/ANXOVA-EN-SAL-10_12-UNITATS.png\",\"width\":800,\"height\":800},{\"@type\":\"BreadcrumbList\",\"@id\":\"https:\/\/semprecalma.com\/fr\/produit\/anxova-en-sal-10-12-unitats\/#breadcrumb\",\"itemListElement\":[{\"@type\":\"ListItem\",\"position\":1,\"name\":\"Home\",\"item\":\"https:\/\/semprecalma.com\/fr\/\"},{\"@type\":\"ListItem\",\"position\":2,\"name\":\"Boutique\",\"item\":\"https:\/\/semprecalma.com\/ca\/shop\/\"},{\"@type\":\"ListItem\",\"position\":3,\"name\":\"Anxova en sal (10-12 unitats). 300g aprox.\"}]},{\"@type\":\"WebSite\",\"@id\":\"https:\/\/semprecalma.com\/fr\/#website\",\"url\":\"https:\/\/semprecalma.com\/fr\/\",\"name\":\"Peixateria Semprecalma\",\"description\":\"Peix I marisc fresc del cap de creus- anxoves en sal\",\"publisher\":{\"@id\":\"https:\/\/semprecalma.com\/fr\/#organization\"},\"potentialAction\":[{\"@type\":\"SearchAction\",\"target\":{\"@type\":\"EntryPoint\",\"urlTemplate\":\"https:\/\/semprecalma.com\/fr\/?s={search_term_string}\"},\"query-input\":{\"@type\":\"PropertyValueSpecification\",\"valueRequired\":true,\"valueName\":\"search_term_string\"}}],\"inLanguage\":\"fr-FR\"},{\"@type\":\"Organization\",\"@id\":\"https:\/\/semprecalma.com\/fr\/#organization\",\"name\":\"Peixateria Semprecalma\",\"url\":\"https:\/\/semprecalma.com\/fr\/\",\"logo\":{\"@type\":\"ImageObject\",\"inLanguage\":\"fr-FR\",\"@id\":\"https:\/\/semprecalma.com\/fr\/#\/schema\/logo\/image\/\",\"url\":\"https:\/\/semprecalma.com\/wp-content\/uploads\/2023\/11\/logo.png\",\"contentUrl\":\"https:\/\/semprecalma.com\/wp-content\/uploads\/2023\/11\/logo.png\",\"width\":350,\"height\":145,\"caption\":\"Peixateria Semprecalma\"},\"image\":{\"@id\":\"https:\/\/semprecalma.com\/fr\/#\/schema\/logo\/image\/\"},\"sameAs\":[\"https:\/\/www.instagram.com\/peixateria_semprecalma\/\"]}]}<\/script>\n<!-- \/ Yoast SEO plugin. -->","yoast_head_json":{"title":"Anxova en sal (10-12 unitats). 300g aprox. - Peixateria Semprecalma","robots":{"index":"index","follow":"follow","max-snippet":"max-snippet:-1","max-image-preview":"max-image-preview:large","max-video-preview":"max-video-preview:-1"},"canonical":"https:\/\/semprecalma.com\/fr\/produit\/anxova-en-sal-10-12-unitats\/","og_locale":"fr_FR","og_type":"article","og_title":"Anxova en sal (10-12 unitats). 300g aprox. - Peixateria Semprecalma","og_description":"Anxova salada de manera totalment artesanal. Producte 100% natural.","og_url":"https:\/\/semprecalma.com\/fr\/produit\/anxova-en-sal-10-12-unitats\/","og_site_name":"Peixateria Semprecalma","article_modified_time":"2025-03-01T08:53:51+00:00","og_image":[{"width":800,"height":800,"url":"https:\/\/semprecalma.com\/wp-content\/uploads\/2023\/11\/ANXOVA-EN-SAL-10_12-UNITATS.png","type":"image\/png"}],"twitter_card":"summary_large_image","twitter_misc":{"Dur\u00e9e de lecture estim\u00e9e":"1 minute"},"schema":{"@context":"https:\/\/schema.org","@graph":[{"@type":"WebPage","@id":"https:\/\/semprecalma.com\/fr\/produit\/anxova-en-sal-10-12-unitats\/","url":"https:\/\/semprecalma.com\/fr\/produit\/anxova-en-sal-10-12-unitats\/","name":"Anxova en sal (10-12 unitats). 300g aprox. - Peixateria Semprecalma","isPartOf":{"@id":"https:\/\/semprecalma.com\/fr\/#website"},"primaryImageOfPage":{"@id":"https:\/\/semprecalma.com\/fr\/produit\/anxova-en-sal-10-12-unitats\/#primaryimage"},"image":{"@id":"https:\/\/semprecalma.com\/fr\/produit\/anxova-en-sal-10-12-unitats\/#primaryimage"},"thumbnailUrl":"https:\/\/semprecalma.com\/wp-content\/uploads\/2023\/11\/ANXOVA-EN-SAL-10_12-UNITATS.png","datePublished":"2023-11-22T21:37:08+00:00","dateModified":"2025-03-01T08:53:51+00:00","breadcrumb":{"@id":"https:\/\/semprecalma.com\/fr\/produit\/anxova-en-sal-10-12-unitats\/#breadcrumb"},"inLanguage":"fr-FR","potentialAction":[{"@type":"ReadAction","target":["https:\/\/semprecalma.com\/fr\/produit\/anxova-en-sal-10-12-unitats\/"]}]},{"@type":"ImageObject","inLanguage":"fr-FR","@id":"https:\/\/semprecalma.com\/fr\/produit\/anxova-en-sal-10-12-unitats\/#primaryimage","url":"https:\/\/semprecalma.com\/wp-content\/uploads\/2023\/11\/ANXOVA-EN-SAL-10_12-UNITATS.png","contentUrl":"https:\/\/semprecalma.com\/wp-content\/uploads\/2023\/11\/ANXOVA-EN-SAL-10_12-UNITATS.png","width":800,"height":800},{"@type":"BreadcrumbList","@id":"https:\/\/semprecalma.com\/fr\/produit\/anxova-en-sal-10-12-unitats\/#breadcrumb","itemListElement":[{"@type":"ListItem","position":1,"name":"Home","item":"https:\/\/semprecalma.com\/fr\/"},{"@type":"ListItem","position":2,"name":"Boutique","item":"https:\/\/semprecalma.com\/ca\/shop\/"},{"@type":"ListItem","position":3,"name":"Anxova en sal (10-12 unitats). 300g aprox."}]},{"@type":"WebSite","@id":"https:\/\/semprecalma.com\/fr\/#website","url":"https:\/\/semprecalma.com\/fr\/","name":"Peixateria Semprecalma","description":"Peix I marisc fresc del cap de creus- anxoves en sal","publisher":{"@id":"https:\/\/semprecalma.com\/fr\/#organization"},"potentialAction":[{"@type":"SearchAction","target":{"@type":"EntryPoint","urlTemplate":"https:\/\/semprecalma.com\/fr\/?s={search_term_string}"},"query-input":{"@type":"PropertyValueSpecification","valueRequired":true,"valueName":"search_term_string"}}],"inLanguage":"fr-FR"},{"@type":"Organization","@id":"https:\/\/semprecalma.com\/fr\/#organization","name":"Peixateria Semprecalma","url":"https:\/\/semprecalma.com\/fr\/","logo":{"@type":"ImageObject","inLanguage":"fr-FR","@id":"https:\/\/semprecalma.com\/fr\/#\/schema\/logo\/image\/","url":"https:\/\/semprecalma.com\/wp-content\/uploads\/2023\/11\/logo.png","contentUrl":"https:\/\/semprecalma.com\/wp-content\/uploads\/2023\/11\/logo.png","width":350,"height":145,"caption":"Peixateria Semprecalma"},"image":{"@id":"https:\/\/semprecalma.com\/fr\/#\/schema\/logo\/image\/"},"sameAs":["https:\/\/www.instagram.com\/peixateria_semprecalma\/"]}]}},"_links":{"self":[{"href":"https:\/\/semprecalma.com\/fr\/wp-json\/wp\/v2\/product\/12385","targetHints":{"allow":["GET"]}}],"collection":[{"href":"https:\/\/semprecalma.com\/fr\/wp-json\/wp\/v2\/product"}],"about":[{"href":"https:\/\/semprecalma.com\/fr\/wp-json\/wp\/v2\/types\/product"}],"wp:featuredmedia":[{"embeddable":true,"href":"https:\/\/semprecalma.com\/fr\/wp-json\/wp\/v2\/media\/12392"}],"wp:attachment":[{"href":"https:\/\/semprecalma.com\/fr\/wp-json\/wp\/v2\/media?parent=12385"}],"wp:term":[{"taxonomy":"product_brand","embeddable":true,"href":"https:\/\/semprecalma.com\/fr\/wp-json\/wp\/v2\/product_brand?post=12385"},{"taxonomy":"product_cat","embeddable":true,"href":"https:\/\/semprecalma.com\/fr\/wp-json\/wp\/v2\/product_cat?post=12385"},{"taxonomy":"product_tag","embeddable":true,"href":"https:\/\/semprecalma.com\/fr\/wp-json\/wp\/v2\/product_tag?post=12385"}],"curies":[{"name":"wp","href":"https:\/\/api.w.org\/{rel}","templated":true}]}}