{"id":13032,"date":"2023-12-06T09:39:27","date_gmt":"2023-12-06T14:39:27","guid":{"rendered":"http:\/\/semprecalma.com\/?post_type=product&#038;p=13032"},"modified":"2025-10-07T05:02:50","modified_gmt":"2025-10-07T10:02:50","slug":"anxova-en-oli-envas-de-20-filets","status":"publish","type":"product","link":"https:\/\/semprecalma.com\/fr\/produit\/anxova-en-oli-envas-de-20-filets\/","title":{"rendered":"Anxova en oli. Env\u00e0s de 30\/35 filets. Pes net: 180gr."},"content":{"rendered":"<p><span style=\"font-weight: 400;\">Anxova en oli al punt de sal preparada per servir, menjar i gaudir. Un cop extreta la sal de la seva maceraci\u00f3 i netes d&#8217;espines, es cobreixen d&#8217;oli de girasol conseguint aix\u00ed preservar al m\u00e0xim el seu sabor i textura originals. Presentem les anxoves en petits envasos de vidre al buit.<\/span><\/p>\n","protected":false},"excerpt":{"rendered":"<p><span style=\"font-weight: 400;\">Filet d\u00b4anxova en oli al punt de sal envasat al buit.<\/span><\/p>\n","protected":false},"featured_media":16855,"template":"","meta":[],"product_brand":[],"product_cat":[36],"product_tag":[],"class_list":{"0":"post-13032","1":"product","2":"type-product","3":"status-publish","4":"has-post-thumbnail","6":"product_cat-conserves","8":"first","9":"outofstock","10":"taxable","11":"shipping-taxable","12":"purchasable","13":"product-type-simple"},"yoast_head":"<!-- This site is optimized with the Yoast SEO plugin v26.9 - https:\/\/yoast.com\/product\/yoast-seo-wordpress\/ -->\n<title>Anxova en oli. Env\u00e0s de 30\/35 filets. Pes net: 180gr. - Peixateria Semprecalma<\/title>\n<meta name=\"robots\" content=\"index, follow, max-snippet:-1, max-image-preview:large, max-video-preview:-1\" \/>\n<link rel=\"canonical\" href=\"https:\/\/semprecalma.com\/fr\/produit\/anxova-en-oli-envas-de-20-filets\/\" \/>\n<meta property=\"og:locale\" content=\"fr_FR\" \/>\n<meta property=\"og:type\" content=\"article\" \/>\n<meta property=\"og:title\" content=\"Anxova en oli. Env\u00e0s de 30\/35 filets. Pes net: 180gr. - Peixateria Semprecalma\" \/>\n<meta property=\"og:description\" content=\"Filet d\u00b4anxova en oli al punt de sal envasat al buit.\" \/>\n<meta property=\"og:url\" content=\"https:\/\/semprecalma.com\/fr\/produit\/anxova-en-oli-envas-de-20-filets\/\" \/>\n<meta property=\"og:site_name\" content=\"Peixateria Semprecalma\" \/>\n<meta property=\"article:modified_time\" content=\"2025-10-07T10:02:50+00:00\" \/>\n<meta property=\"og:image\" content=\"https:\/\/semprecalma.com\/wp-content\/uploads\/2025\/02\/20250217_182247-scaled.jpg\" \/>\n\t<meta property=\"og:image:width\" content=\"1794\" \/>\n\t<meta property=\"og:image:height\" content=\"2560\" \/>\n\t<meta property=\"og:image:type\" content=\"image\/jpeg\" \/>\n<meta name=\"twitter:card\" content=\"summary_large_image\" \/>\n<meta name=\"twitter:label1\" content=\"Dur\u00e9e de lecture estim\u00e9e\" \/>\n\t<meta name=\"twitter:data1\" content=\"1 minute\" \/>\n<script type=\"application\/ld+json\" class=\"yoast-schema-graph\">{\"@context\":\"https:\/\/schema.org\",\"@graph\":[{\"@type\":\"WebPage\",\"@id\":\"https:\/\/semprecalma.com\/fr\/produit\/anxova-en-oli-envas-de-20-filets\/\",\"url\":\"https:\/\/semprecalma.com\/fr\/produit\/anxova-en-oli-envas-de-20-filets\/\",\"name\":\"Anxova en oli. Env\u00e0s de 30\/35 filets. Pes net: 180gr. - Peixateria Semprecalma\",\"isPartOf\":{\"@id\":\"https:\/\/semprecalma.com\/fr\/#website\"},\"primaryImageOfPage\":{\"@id\":\"https:\/\/semprecalma.com\/fr\/produit\/anxova-en-oli-envas-de-20-filets\/#primaryimage\"},\"image\":{\"@id\":\"https:\/\/semprecalma.com\/fr\/produit\/anxova-en-oli-envas-de-20-filets\/#primaryimage\"},\"thumbnailUrl\":\"https:\/\/semprecalma.com\/wp-content\/uploads\/2025\/02\/20250217_182247-scaled.jpg\",\"datePublished\":\"2023-12-06T14:39:27+00:00\",\"dateModified\":\"2025-10-07T10:02:50+00:00\",\"breadcrumb\":{\"@id\":\"https:\/\/semprecalma.com\/fr\/produit\/anxova-en-oli-envas-de-20-filets\/#breadcrumb\"},\"inLanguage\":\"fr-FR\",\"potentialAction\":[{\"@type\":\"ReadAction\",\"target\":[\"https:\/\/semprecalma.com\/fr\/produit\/anxova-en-oli-envas-de-20-filets\/\"]}]},{\"@type\":\"ImageObject\",\"inLanguage\":\"fr-FR\",\"@id\":\"https:\/\/semprecalma.com\/fr\/produit\/anxova-en-oli-envas-de-20-filets\/#primaryimage\",\"url\":\"https:\/\/semprecalma.com\/wp-content\/uploads\/2025\/02\/20250217_182247-scaled.jpg\",\"contentUrl\":\"https:\/\/semprecalma.com\/wp-content\/uploads\/2025\/02\/20250217_182247-scaled.jpg\",\"width\":1794,\"height\":2560},{\"@type\":\"BreadcrumbList\",\"@id\":\"https:\/\/semprecalma.com\/fr\/produit\/anxova-en-oli-envas-de-20-filets\/#breadcrumb\",\"itemListElement\":[{\"@type\":\"ListItem\",\"position\":1,\"name\":\"Home\",\"item\":\"https:\/\/semprecalma.com\/fr\/\"},{\"@type\":\"ListItem\",\"position\":2,\"name\":\"Boutique\",\"item\":\"https:\/\/semprecalma.com\/ca\/shop\/\"},{\"@type\":\"ListItem\",\"position\":3,\"name\":\"Anxova en oli. Env\u00e0s de 30\/35 filets. Pes net: 180gr.\"}]},{\"@type\":\"WebSite\",\"@id\":\"https:\/\/semprecalma.com\/fr\/#website\",\"url\":\"https:\/\/semprecalma.com\/fr\/\",\"name\":\"Peixateria Semprecalma\",\"description\":\"Peix I marisc fresc del cap de creus- anxoves en sal\",\"publisher\":{\"@id\":\"https:\/\/semprecalma.com\/fr\/#organization\"},\"potentialAction\":[{\"@type\":\"SearchAction\",\"target\":{\"@type\":\"EntryPoint\",\"urlTemplate\":\"https:\/\/semprecalma.com\/fr\/?s={search_term_string}\"},\"query-input\":{\"@type\":\"PropertyValueSpecification\",\"valueRequired\":true,\"valueName\":\"search_term_string\"}}],\"inLanguage\":\"fr-FR\"},{\"@type\":\"Organization\",\"@id\":\"https:\/\/semprecalma.com\/fr\/#organization\",\"name\":\"Peixateria Semprecalma\",\"url\":\"https:\/\/semprecalma.com\/fr\/\",\"logo\":{\"@type\":\"ImageObject\",\"inLanguage\":\"fr-FR\",\"@id\":\"https:\/\/semprecalma.com\/fr\/#\/schema\/logo\/image\/\",\"url\":\"https:\/\/semprecalma.com\/wp-content\/uploads\/2023\/11\/logo.png\",\"contentUrl\":\"https:\/\/semprecalma.com\/wp-content\/uploads\/2023\/11\/logo.png\",\"width\":350,\"height\":145,\"caption\":\"Peixateria Semprecalma\"},\"image\":{\"@id\":\"https:\/\/semprecalma.com\/fr\/#\/schema\/logo\/image\/\"},\"sameAs\":[\"https:\/\/www.instagram.com\/peixateria_semprecalma\/\"]}]}<\/script>\n<!-- \/ Yoast SEO plugin. -->","yoast_head_json":{"title":"Anxova en oli. Env\u00e0s de 30\/35 filets. Pes net: 180gr. - Peixateria Semprecalma","robots":{"index":"index","follow":"follow","max-snippet":"max-snippet:-1","max-image-preview":"max-image-preview:large","max-video-preview":"max-video-preview:-1"},"canonical":"https:\/\/semprecalma.com\/fr\/produit\/anxova-en-oli-envas-de-20-filets\/","og_locale":"fr_FR","og_type":"article","og_title":"Anxova en oli. Env\u00e0s de 30\/35 filets. Pes net: 180gr. - Peixateria Semprecalma","og_description":"Filet d\u00b4anxova en oli al punt de sal envasat al buit.","og_url":"https:\/\/semprecalma.com\/fr\/produit\/anxova-en-oli-envas-de-20-filets\/","og_site_name":"Peixateria Semprecalma","article_modified_time":"2025-10-07T10:02:50+00:00","og_image":[{"width":1794,"height":2560,"url":"https:\/\/semprecalma.com\/wp-content\/uploads\/2025\/02\/20250217_182247-scaled.jpg","type":"image\/jpeg"}],"twitter_card":"summary_large_image","twitter_misc":{"Dur\u00e9e de lecture estim\u00e9e":"1 minute"},"schema":{"@context":"https:\/\/schema.org","@graph":[{"@type":"WebPage","@id":"https:\/\/semprecalma.com\/fr\/produit\/anxova-en-oli-envas-de-20-filets\/","url":"https:\/\/semprecalma.com\/fr\/produit\/anxova-en-oli-envas-de-20-filets\/","name":"Anxova en oli. Env\u00e0s de 30\/35 filets. Pes net: 180gr. - Peixateria Semprecalma","isPartOf":{"@id":"https:\/\/semprecalma.com\/fr\/#website"},"primaryImageOfPage":{"@id":"https:\/\/semprecalma.com\/fr\/produit\/anxova-en-oli-envas-de-20-filets\/#primaryimage"},"image":{"@id":"https:\/\/semprecalma.com\/fr\/produit\/anxova-en-oli-envas-de-20-filets\/#primaryimage"},"thumbnailUrl":"https:\/\/semprecalma.com\/wp-content\/uploads\/2025\/02\/20250217_182247-scaled.jpg","datePublished":"2023-12-06T14:39:27+00:00","dateModified":"2025-10-07T10:02:50+00:00","breadcrumb":{"@id":"https:\/\/semprecalma.com\/fr\/produit\/anxova-en-oli-envas-de-20-filets\/#breadcrumb"},"inLanguage":"fr-FR","potentialAction":[{"@type":"ReadAction","target":["https:\/\/semprecalma.com\/fr\/produit\/anxova-en-oli-envas-de-20-filets\/"]}]},{"@type":"ImageObject","inLanguage":"fr-FR","@id":"https:\/\/semprecalma.com\/fr\/produit\/anxova-en-oli-envas-de-20-filets\/#primaryimage","url":"https:\/\/semprecalma.com\/wp-content\/uploads\/2025\/02\/20250217_182247-scaled.jpg","contentUrl":"https:\/\/semprecalma.com\/wp-content\/uploads\/2025\/02\/20250217_182247-scaled.jpg","width":1794,"height":2560},{"@type":"BreadcrumbList","@id":"https:\/\/semprecalma.com\/fr\/produit\/anxova-en-oli-envas-de-20-filets\/#breadcrumb","itemListElement":[{"@type":"ListItem","position":1,"name":"Home","item":"https:\/\/semprecalma.com\/fr\/"},{"@type":"ListItem","position":2,"name":"Boutique","item":"https:\/\/semprecalma.com\/ca\/shop\/"},{"@type":"ListItem","position":3,"name":"Anxova en oli. Env\u00e0s de 30\/35 filets. Pes net: 180gr."}]},{"@type":"WebSite","@id":"https:\/\/semprecalma.com\/fr\/#website","url":"https:\/\/semprecalma.com\/fr\/","name":"Peixateria Semprecalma","description":"Peix I marisc fresc del cap de creus- anxoves en sal","publisher":{"@id":"https:\/\/semprecalma.com\/fr\/#organization"},"potentialAction":[{"@type":"SearchAction","target":{"@type":"EntryPoint","urlTemplate":"https:\/\/semprecalma.com\/fr\/?s={search_term_string}"},"query-input":{"@type":"PropertyValueSpecification","valueRequired":true,"valueName":"search_term_string"}}],"inLanguage":"fr-FR"},{"@type":"Organization","@id":"https:\/\/semprecalma.com\/fr\/#organization","name":"Peixateria Semprecalma","url":"https:\/\/semprecalma.com\/fr\/","logo":{"@type":"ImageObject","inLanguage":"fr-FR","@id":"https:\/\/semprecalma.com\/fr\/#\/schema\/logo\/image\/","url":"https:\/\/semprecalma.com\/wp-content\/uploads\/2023\/11\/logo.png","contentUrl":"https:\/\/semprecalma.com\/wp-content\/uploads\/2023\/11\/logo.png","width":350,"height":145,"caption":"Peixateria Semprecalma"},"image":{"@id":"https:\/\/semprecalma.com\/fr\/#\/schema\/logo\/image\/"},"sameAs":["https:\/\/www.instagram.com\/peixateria_semprecalma\/"]}]}},"_links":{"self":[{"href":"https:\/\/semprecalma.com\/fr\/wp-json\/wp\/v2\/product\/13032","targetHints":{"allow":["GET"]}}],"collection":[{"href":"https:\/\/semprecalma.com\/fr\/wp-json\/wp\/v2\/product"}],"about":[{"href":"https:\/\/semprecalma.com\/fr\/wp-json\/wp\/v2\/types\/product"}],"wp:featuredmedia":[{"embeddable":true,"href":"https:\/\/semprecalma.com\/fr\/wp-json\/wp\/v2\/media\/16855"}],"wp:attachment":[{"href":"https:\/\/semprecalma.com\/fr\/wp-json\/wp\/v2\/media?parent=13032"}],"wp:term":[{"taxonomy":"product_brand","embeddable":true,"href":"https:\/\/semprecalma.com\/fr\/wp-json\/wp\/v2\/product_brand?post=13032"},{"taxonomy":"product_cat","embeddable":true,"href":"https:\/\/semprecalma.com\/fr\/wp-json\/wp\/v2\/product_cat?post=13032"},{"taxonomy":"product_tag","embeddable":true,"href":"https:\/\/semprecalma.com\/fr\/wp-json\/wp\/v2\/product_tag?post=13032"}],"curies":[{"name":"wp","href":"https:\/\/api.w.org\/{rel}","templated":true}]}}